{"id":678,"date":"2025-03-13T00:04:48","date_gmt":"2025-03-13T00:04:48","guid":{"rendered":"https:\/\/uae.xbb.temporary.site\/website_38f53773\/?page_id=678"},"modified":"2025-05-14T21:56:21","modified_gmt":"2025-05-14T21:56:21","slug":"osmosis-inversa","status":"publish","type":"page","link":"https:\/\/sentidoscreativos.com\/hidro\/osmosis-inversa\/","title":{"rendered":"\u00d3smosis inversa"},"content":{"rendered":"<body>\t\t<div data-elementor-type=\"wp-page\" data-elementor-id=\"678\" class=\"elementor elementor-678\">\n\t\t\t\t\t\t<section class=\"elementor-section elementor-top-section elementor-element elementor-element-f87f654 elementor-section-boxed elementor-section-height-default elementor-section-height-default\" data-id=\"f87f654\" data-element_type=\"section\" data-settings='{\"background_background\":\"classic\"}'>\n\t\t\t\t\t\t\t<div class=\"elementor-background-overlay\"><\/div>\n\t\t\t\t\t\t\t<div class=\"elementor-container elementor-column-gap-default\">\n\t\t\t\t\t<div class=\"elementor-column elementor-col-100 elementor-top-column elementor-element elementor-element-52b8997\" data-id=\"52b8997\" data-element_type=\"column\">\n\t\t\t<div class=\"elementor-widget-wrap elementor-element-populated\">\n\t\t\t\t\t\t<div class=\"elementor-element elementor-element-7f5eeda animated-slow elementor-invisible elementor-widget elementor-widget-image\" data-id=\"7f5eeda\" data-element_type=\"widget\" data-settings='{\"_animation\":\"fadeInUp\"}' data-widget_type=\"image.default\">\n\t\t\t\t<div class=\"elementor-widget-container\">\n\t\t\t\t\t\t\t\t\t\t\t\t\t\t\t<img loading=\"lazy\" decoding=\"async\" width=\"57\" height=\"9\" src=\"https:\/\/sentidoscreativos.com\/hidro\/wp-content\/uploads\/sites\/158\/2025\/03\/icon-heading.png\" class=\"attachment-full size-full wp-image-59\" alt=\"\" loading=\"lazy\">\t\t\t\t\t\t\t\t\t\t\t\t\t\t\t<\/div>\n\t\t\t\t<\/div>\n\t\t\t\t\t<\/div>\n\t\t<\/div>\n\t\t\t\t\t<\/div>\n\t\t<\/section>\n\t\t\t\t<section class=\"elementor-section elementor-top-section elementor-element elementor-element-a6f3584 elementor-section-boxed elementor-section-height-default elementor-section-height-default\" data-id=\"a6f3584\" data-element_type=\"section\" data-settings='{\"background_background\":\"classic\"}'>\n\t\t\t\t\t\t\t<div class=\"elementor-background-overlay\"><\/div>\n\t\t\t\t\t\t\t<div class=\"elementor-container elementor-column-gap-default\">\n\t\t\t\t\t<div class=\"elementor-column elementor-col-100 elementor-top-column elementor-element elementor-element-5463e61\" data-id=\"5463e61\" data-element_type=\"column\">\n\t\t\t<div class=\"elementor-widget-wrap elementor-element-populated\">\n\t\t\t\t\t\t<div class=\"elementor-element elementor-element-ce0bde7 elementor-widget elementor-widget-heading\" data-id=\"ce0bde7\" data-element_type=\"widget\" data-widget_type=\"heading.default\">\n\t\t\t\t<div class=\"elementor-widget-container\">\n\t\t\t\t\t<h2 class=\"elementor-heading-title elementor-size-default\">\u00f3smosis inversa<\/h2>\t\t\t\t<\/div>\n\t\t\t\t<\/div>\n\t\t\t\t\t<\/div>\n\t\t<\/div>\n\t\t\t\t\t<\/div>\n\t\t<\/section>\n\t\t\t\t<section class=\"elementor-section elementor-top-section elementor-element elementor-element-99a16e0 elementor-section-full_width elementor-section-height-default elementor-section-height-default\" data-id=\"99a16e0\" data-element_type=\"section\">\n\t\t\t\t\t\t<div class=\"elementor-container elementor-column-gap-default\">\n\t\t\t\t\t<div class=\"elementor-column elementor-col-33 elementor-top-column elementor-element elementor-element-6553515\" data-id=\"6553515\" data-element_type=\"column\" data-settings='{\"background_background\":\"classic\"}'>\n\t\t\t<div class=\"elementor-widget-wrap\">\n\t\t\t\t\t\t\t<\/div>\n\t\t<\/div>\n\t\t\t\t<div class=\"elementor-column elementor-col-33 elementor-top-column elementor-element elementor-element-cb50826\" data-id=\"cb50826\" data-element_type=\"column\" data-settings='{\"background_background\":\"classic\"}'>\n\t\t\t<div class=\"elementor-widget-wrap elementor-element-populated\">\n\t\t\t\t\t\t<div class=\"elementor-element elementor-element-8a486a4 elementor-widget elementor-widget-text-editor\" data-id=\"8a486a4\" data-element_type=\"widget\" data-widget_type=\"text-editor.default\">\n\t\t\t\t<div class=\"elementor-widget-container\">\n\t\t\t\t\t\t\t\t\t<p>Ofrecemos equipos de \u00f3smosis inversa para el uso de agua para consumo humano y procesos industriales.<\/p><ul><li>Sistemas de \u00f3smosis inversa adecuado a tu proceso<\/li><li>Instalaci\u00f3n de equipos y accesorios<\/li><li>Membranas<\/li><\/ul>\t\t\t\t\t\t\t\t<\/div>\n\t\t\t\t<\/div>\n\t\t\t\t\t<\/div>\n\t\t<\/div>\n\t\t\t\t<div class=\"elementor-column elementor-col-33 elementor-top-column elementor-element elementor-element-0dd64a9\" data-id=\"0dd64a9\" data-element_type=\"column\" data-settings='{\"background_background\":\"classic\"}'>\n\t\t\t<div class=\"elementor-widget-wrap\">\n\t\t\t\t\t\t\t<\/div>\n\t\t<\/div>\n\t\t\t\t\t<\/div>\n\t\t<\/section>\n\t\t\t\t<section class=\"elementor-section elementor-top-section elementor-element elementor-element-077ebe5 elementor-section-boxed elementor-section-height-default elementor-section-height-default\" data-id=\"077ebe5\" data-element_type=\"section\">\n\t\t\t\t\t\t<div class=\"elementor-container elementor-column-gap-default\">\n\t\t\t\t\t<div class=\"elementor-column elementor-col-33 elementor-top-column elementor-element elementor-element-89bd655\" data-id=\"89bd655\" data-element_type=\"column\">\n\t\t\t<div class=\"elementor-widget-wrap elementor-element-populated\">\n\t\t\t\t\t\t<div class=\"elementor-element elementor-element-d92a48a elementor-widget elementor-widget-tfimagebox\" data-id=\"d92a48a\" data-element_type=\"widget\" data-widget_type=\"tfimagebox.default\">\n\t\t\t\t<div class=\"elementor-widget-container\">\n\t\t\t\t\t<div class=\"tf-imagebox style-2\"> \r\n                <div class=\"image\"><img loading=\"lazy\" decoding=\"async\" width=\"370\" height=\"413\" src=\"https:\/\/sentidoscreativos.com\/hidro\/wp-content\/uploads\/sites\/158\/2025\/05\/osmosis_1.jpg\" class=\"attachment-full size-full wp-image-1242\" alt=\"\" srcset=\"https:\/\/sentidoscreativos.com\/hidro\/wp-content\/uploads\/sites\/158\/2025\/05\/osmosis_1.jpg 370w, https:\/\/sentidoscreativos.com\/hidro\/wp-content\/uploads\/sites\/158\/2025\/05\/osmosis_1-269x300.jpg 269w\" sizes=\"auto, (max-width: 370px) 100vw, 370px\" loading=\"lazy\"> <\/div>\r\n                <div class=\"content-only \"> \r\n                \t               \t              \r\n\t\t\t\t\t\r\n\t\t\t\t<\/div>\r\n                <div class=\"content fade-in\">\t\r\n                \t                \r\n\t\t\t\t\t\r\n\t                \r\n\t                \r\n\t\t\t\t<\/div>\r\n            <\/div>\t\t\t\t<\/div>\n\t\t\t\t<\/div>\n\t\t\t\t<div class=\"elementor-element elementor-element-60cab26 elementor-widget elementor-widget-tfimagebox\" data-id=\"60cab26\" data-element_type=\"widget\" data-widget_type=\"tfimagebox.default\">\n\t\t\t\t<div class=\"elementor-widget-container\">\n\t\t\t\t\t<div class=\"tf-imagebox style-2\"> \r\n                <div class=\"image\"><img loading=\"lazy\" decoding=\"async\" width=\"370\" height=\"413\" src=\"https:\/\/sentidoscreativos.com\/hidro\/wp-content\/uploads\/sites\/158\/2025\/05\/osmosis_5.jpg\" class=\"attachment-full size-full wp-image-1238\" alt=\"\" srcset=\"https:\/\/sentidoscreativos.com\/hidro\/wp-content\/uploads\/sites\/158\/2025\/05\/osmosis_5.jpg 370w, https:\/\/sentidoscreativos.com\/hidro\/wp-content\/uploads\/sites\/158\/2025\/05\/osmosis_5-269x300.jpg 269w\" sizes=\"auto, (max-width: 370px) 100vw, 370px\" loading=\"lazy\"> <\/div>\r\n                <div class=\"content-only \"> \r\n                \t               \t              \r\n\t\t\t\t\t\r\n\t\t\t\t<\/div>\r\n                <div class=\"content fade-in\">\t\r\n                \t                \r\n\t\t\t\t\t\r\n\t                \r\n\t                \r\n\t\t\t\t<\/div>\r\n            <\/div>\t\t\t\t<\/div>\n\t\t\t\t<\/div>\n\t\t\t\t\t<\/div>\n\t\t<\/div>\n\t\t\t\t<div class=\"elementor-column elementor-col-33 elementor-top-column elementor-element elementor-element-79a075e\" data-id=\"79a075e\" data-element_type=\"column\">\n\t\t\t<div class=\"elementor-widget-wrap elementor-element-populated\">\n\t\t\t\t\t\t<div class=\"elementor-element elementor-element-10e9090 elementor-widget elementor-widget-tfimagebox\" data-id=\"10e9090\" data-element_type=\"widget\" data-widget_type=\"tfimagebox.default\">\n\t\t\t\t<div class=\"elementor-widget-container\">\n\t\t\t\t\t<div class=\"tf-imagebox style-2\"> \r\n                <div class=\"image\"><img loading=\"lazy\" decoding=\"async\" width=\"370\" height=\"413\" src=\"https:\/\/sentidoscreativos.com\/hidro\/wp-content\/uploads\/sites\/158\/2025\/05\/osmosis_3.jpg\" class=\"attachment-full size-full wp-image-1240\" alt=\"\" srcset=\"https:\/\/sentidoscreativos.com\/hidro\/wp-content\/uploads\/sites\/158\/2025\/05\/osmosis_3.jpg 370w, https:\/\/sentidoscreativos.com\/hidro\/wp-content\/uploads\/sites\/158\/2025\/05\/osmosis_3-269x300.jpg 269w\" sizes=\"auto, (max-width: 370px) 100vw, 370px\" loading=\"lazy\"> <\/div>\r\n                <div class=\"content-only \"> \r\n                \t               \t              \r\n\t\t\t\t\t\r\n\t\t\t\t<\/div>\r\n                <div class=\"content fade-in\">\t\r\n                \t                \r\n\t\t\t\t\t\r\n\t                \r\n\t                \r\n\t\t\t\t<\/div>\r\n            <\/div>\t\t\t\t<\/div>\n\t\t\t\t<\/div>\n\t\t\t\t<div class=\"elementor-element elementor-element-3e8f8ea elementor-widget elementor-widget-tfimagebox\" data-id=\"3e8f8ea\" data-element_type=\"widget\" data-widget_type=\"tfimagebox.default\">\n\t\t\t\t<div class=\"elementor-widget-container\">\n\t\t\t\t\t<div class=\"tf-imagebox style-2\"> \r\n                <div class=\"image\"><img loading=\"lazy\" decoding=\"async\" width=\"370\" height=\"413\" src=\"https:\/\/sentidoscreativos.com\/hidro\/wp-content\/uploads\/sites\/158\/2025\/05\/osmosis_2.jpg\" class=\"attachment-full size-full wp-image-1241\" alt=\"\" srcset=\"https:\/\/sentidoscreativos.com\/hidro\/wp-content\/uploads\/sites\/158\/2025\/05\/osmosis_2.jpg 370w, https:\/\/sentidoscreativos.com\/hidro\/wp-content\/uploads\/sites\/158\/2025\/05\/osmosis_2-269x300.jpg 269w\" sizes=\"auto, (max-width: 370px) 100vw, 370px\" loading=\"lazy\"> <\/div>\r\n                <div class=\"content-only \"> \r\n                \t               \t              \r\n\t\t\t\t\t\r\n\t\t\t\t<\/div>\r\n                <div class=\"content fade-in\">\t\r\n                \t                \r\n\t\t\t\t\t\r\n\t                \r\n\t                \r\n\t\t\t\t<\/div>\r\n            <\/div>\t\t\t\t<\/div>\n\t\t\t\t<\/div>\n\t\t\t\t\t<\/div>\n\t\t<\/div>\n\t\t\t\t<div class=\"elementor-column elementor-col-33 elementor-top-column elementor-element elementor-element-cc9630e\" data-id=\"cc9630e\" data-element_type=\"column\">\n\t\t\t<div class=\"elementor-widget-wrap elementor-element-populated\">\n\t\t\t\t\t\t<div class=\"elementor-element elementor-element-91908bb elementor-widget elementor-widget-tfimagebox\" data-id=\"91908bb\" data-element_type=\"widget\" data-widget_type=\"tfimagebox.default\">\n\t\t\t\t<div class=\"elementor-widget-container\">\n\t\t\t\t\t<div class=\"tf-imagebox style-2\"> \r\n                <div class=\"image\"><img loading=\"lazy\" decoding=\"async\" width=\"370\" height=\"413\" src=\"https:\/\/sentidoscreativos.com\/hidro\/wp-content\/uploads\/sites\/158\/2025\/05\/osmosis_4.jpg\" class=\"attachment-full size-full wp-image-1239\" alt=\"\" srcset=\"https:\/\/sentidoscreativos.com\/hidro\/wp-content\/uploads\/sites\/158\/2025\/05\/osmosis_4.jpg 370w, https:\/\/sentidoscreativos.com\/hidro\/wp-content\/uploads\/sites\/158\/2025\/05\/osmosis_4-269x300.jpg 269w\" sizes=\"auto, (max-width: 370px) 100vw, 370px\" loading=\"lazy\"> <\/div>\r\n                <div class=\"content-only \"> \r\n                \t               \t              \r\n\t\t\t\t\t\r\n\t\t\t\t<\/div>\r\n                <div class=\"content fade-in\">\t\r\n                \t                \r\n\t\t\t\t\t\r\n\t                \r\n\t                \r\n\t\t\t\t<\/div>\r\n            <\/div>\t\t\t\t<\/div>\n\t\t\t\t<\/div>\n\t\t\t\t\t<\/div>\n\t\t<\/div>\n\t\t\t\t\t<\/div>\n\t\t<\/section>\n\t\t\t\t<\/div>\n\t\t<\/body>","protected":false},"excerpt":{"rendered":"<p>\u00f3smosis inversa Ofrecemos equipos de \u00f3smosis inversa para el uso de agua para consumo humano y procesos industriales. Sistemas de \u00f3smosis inversa adecuado a tu proceso Instalaci\u00f3n de equipos y accesorios Membranas<\/p>\n","protected":false},"author":148,"featured_media":0,"parent":0,"menu_order":0,"comment_status":"closed","ping_status":"closed","template":"","meta":{"nf_dc_page":"","footnotes":""},"class_list":["post-678","page","type-page","status-publish","hentry"],"yoast_head":"<!-- This site is optimized with the Yoast SEO plugin v27.5 - https:\/\/yoast.com\/product\/yoast-seo-wordpress\/ -->\n<title>\u00d3smosis inversa - Hidroquim<\/title>\n<meta name=\"robots\" content=\"index, follow, max-snippet:-1, max-image-preview:large, max-video-preview:-1\" \/>\n<link rel=\"canonical\" href=\"https:\/\/sentidoscreativos.com\/hidro\/osmosis-inversa\/\" \/>\n<meta property=\"og:locale\" content=\"en_US\" \/>\n<meta property=\"og:type\" content=\"article\" \/>\n<meta property=\"og:title\" content=\"\u00d3smosis inversa - Hidroquim\" \/>\n<meta property=\"og:description\" content=\"\u00f3smosis inversa Ofrecemos equipos de \u00f3smosis inversa para el uso de agua para consumo humano y procesos industriales. Sistemas de \u00f3smosis inversa adecuado a tu proceso Instalaci\u00f3n de equipos y accesorios Membranas\" \/>\n<meta property=\"og:url\" content=\"https:\/\/sentidoscreativos.com\/hidro\/osmosis-inversa\/\" \/>\n<meta property=\"og:site_name\" content=\"Hidroquim\" \/>\n<meta property=\"article:modified_time\" content=\"2025-05-14T21:56:21+00:00\" \/>\n<meta property=\"og:image\" content=\"https:\/\/sentidoscreativos.com\/hidro\/wp-content\/uploads\/sites\/158\/2025\/03\/icon-heading.png\" \/>\n\t<meta property=\"og:image:width\" content=\"57\" \/>\n\t<meta property=\"og:image:height\" content=\"9\" \/>\n\t<meta property=\"og:image:type\" content=\"image\/png\" \/>\n<meta name=\"twitter:card\" content=\"summary_large_image\" \/>\n<script type=\"application\/ld+json\" class=\"yoast-schema-graph\">{\"@context\":\"https:\\\/\\\/schema.org\",\"@graph\":[{\"@type\":\"WebPage\",\"@id\":\"https:\\\/\\\/sentidoscreativos.com\\\/hidro\\\/osmosis-inversa\\\/\",\"url\":\"https:\\\/\\\/sentidoscreativos.com\\\/hidro\\\/osmosis-inversa\\\/\",\"name\":\"\u00d3smosis inversa - Hidroquim\",\"isPartOf\":{\"@id\":\"https:\\\/\\\/sentidoscreativos.com\\\/hidro\\\/#website\"},\"primaryImageOfPage\":{\"@id\":\"https:\\\/\\\/sentidoscreativos.com\\\/hidro\\\/osmosis-inversa\\\/#primaryimage\"},\"image\":{\"@id\":\"https:\\\/\\\/sentidoscreativos.com\\\/hidro\\\/osmosis-inversa\\\/#primaryimage\"},\"thumbnailUrl\":\"https:\\\/\\\/sentidoscreativos.com\\\/hidro\\\/wp-content\\\/uploads\\\/sites\\\/158\\\/2025\\\/03\\\/icon-heading.png\",\"datePublished\":\"2025-03-13T00:04:48+00:00\",\"dateModified\":\"2025-05-14T21:56:21+00:00\",\"breadcrumb\":{\"@id\":\"https:\\\/\\\/sentidoscreativos.com\\\/hidro\\\/osmosis-inversa\\\/#breadcrumb\"},\"inLanguage\":\"en-US\",\"potentialAction\":[{\"@type\":\"ReadAction\",\"target\":[\"https:\\\/\\\/sentidoscreativos.com\\\/hidro\\\/osmosis-inversa\\\/\"]}]},{\"@type\":\"ImageObject\",\"inLanguage\":\"en-US\",\"@id\":\"https:\\\/\\\/sentidoscreativos.com\\\/hidro\\\/osmosis-inversa\\\/#primaryimage\",\"url\":\"https:\\\/\\\/sentidoscreativos.com\\\/hidro\\\/wp-content\\\/uploads\\\/sites\\\/158\\\/2025\\\/03\\\/icon-heading.png\",\"contentUrl\":\"https:\\\/\\\/sentidoscreativos.com\\\/hidro\\\/wp-content\\\/uploads\\\/sites\\\/158\\\/2025\\\/03\\\/icon-heading.png\",\"width\":57,\"height\":9},{\"@type\":\"BreadcrumbList\",\"@id\":\"https:\\\/\\\/sentidoscreativos.com\\\/hidro\\\/osmosis-inversa\\\/#breadcrumb\",\"itemListElement\":[{\"@type\":\"ListItem\",\"position\":1,\"name\":\"Portada\",\"item\":\"https:\\\/\\\/sentidoscreativos.com\\\/hidro\\\/\"},{\"@type\":\"ListItem\",\"position\":2,\"name\":\"\u00d3smosis inversa\"}]},{\"@type\":\"WebSite\",\"@id\":\"https:\\\/\\\/sentidoscreativos.com\\\/hidro\\\/#website\",\"url\":\"https:\\\/\\\/sentidoscreativos.com\\\/hidro\\\/\",\"name\":\"Hidroquim\",\"description\":\"\",\"publisher\":{\"@id\":\"https:\\\/\\\/sentidoscreativos.com\\\/hidro\\\/#organization\"},\"potentialAction\":[{\"@type\":\"SearchAction\",\"target\":{\"@type\":\"EntryPoint\",\"urlTemplate\":\"https:\\\/\\\/sentidoscreativos.com\\\/hidro\\\/?s={search_term_string}\"},\"query-input\":{\"@type\":\"PropertyValueSpecification\",\"valueRequired\":true,\"valueName\":\"search_term_string\"}}],\"inLanguage\":\"en-US\"},{\"@type\":\"Organization\",\"@id\":\"https:\\\/\\\/sentidoscreativos.com\\\/hidro\\\/#organization\",\"name\":\"Hidroquim\",\"url\":\"https:\\\/\\\/sentidoscreativos.com\\\/hidro\\\/\",\"logo\":{\"@type\":\"ImageObject\",\"inLanguage\":\"en-US\",\"@id\":\"https:\\\/\\\/sentidoscreativos.com\\\/hidro\\\/#\\\/schema\\\/logo\\\/image\\\/\",\"url\":\"https:\\\/\\\/sentidoscreativos.com\\\/hidro\\\/wp-content\\\/uploads\\\/sites\\\/158\\\/2025\\\/03\\\/hq01.png\",\"contentUrl\":\"https:\\\/\\\/sentidoscreativos.com\\\/hidro\\\/wp-content\\\/uploads\\\/sites\\\/158\\\/2025\\\/03\\\/hq01.png\",\"width\":180,\"height\":90,\"caption\":\"Hidroquim\"},\"image\":{\"@id\":\"https:\\\/\\\/sentidoscreativos.com\\\/hidro\\\/#\\\/schema\\\/logo\\\/image\\\/\"}}]}<\/script>\n<!-- \/ Yoast SEO plugin. -->","yoast_head_json":{"title":"\u00d3smosis inversa - Hidroquim","robots":{"index":"index","follow":"follow","max-snippet":"max-snippet:-1","max-image-preview":"max-image-preview:large","max-video-preview":"max-video-preview:-1"},"canonical":"https:\/\/sentidoscreativos.com\/hidro\/osmosis-inversa\/","og_locale":"en_US","og_type":"article","og_title":"\u00d3smosis inversa - Hidroquim","og_description":"\u00f3smosis inversa Ofrecemos equipos de \u00f3smosis inversa para el uso de agua para consumo humano y procesos industriales. Sistemas de \u00f3smosis inversa adecuado a tu proceso Instalaci\u00f3n de equipos y accesorios Membranas","og_url":"https:\/\/sentidoscreativos.com\/hidro\/osmosis-inversa\/","og_site_name":"Hidroquim","article_modified_time":"2025-05-14T21:56:21+00:00","og_image":[{"width":57,"height":9,"url":"https:\/\/sentidoscreativos.com\/hidro\/wp-content\/uploads\/sites\/158\/2025\/03\/icon-heading.png","type":"image\/png"}],"twitter_card":"summary_large_image","schema":{"@context":"https:\/\/schema.org","@graph":[{"@type":"WebPage","@id":"https:\/\/sentidoscreativos.com\/hidro\/osmosis-inversa\/","url":"https:\/\/sentidoscreativos.com\/hidro\/osmosis-inversa\/","name":"\u00d3smosis inversa - Hidroquim","isPartOf":{"@id":"https:\/\/sentidoscreativos.com\/hidro\/#website"},"primaryImageOfPage":{"@id":"https:\/\/sentidoscreativos.com\/hidro\/osmosis-inversa\/#primaryimage"},"image":{"@id":"https:\/\/sentidoscreativos.com\/hidro\/osmosis-inversa\/#primaryimage"},"thumbnailUrl":"https:\/\/sentidoscreativos.com\/hidro\/wp-content\/uploads\/sites\/158\/2025\/03\/icon-heading.png","datePublished":"2025-03-13T00:04:48+00:00","dateModified":"2025-05-14T21:56:21+00:00","breadcrumb":{"@id":"https:\/\/sentidoscreativos.com\/hidro\/osmosis-inversa\/#breadcrumb"},"inLanguage":"en-US","potentialAction":[{"@type":"ReadAction","target":["https:\/\/sentidoscreativos.com\/hidro\/osmosis-inversa\/"]}]},{"@type":"ImageObject","inLanguage":"en-US","@id":"https:\/\/sentidoscreativos.com\/hidro\/osmosis-inversa\/#primaryimage","url":"https:\/\/sentidoscreativos.com\/hidro\/wp-content\/uploads\/sites\/158\/2025\/03\/icon-heading.png","contentUrl":"https:\/\/sentidoscreativos.com\/hidro\/wp-content\/uploads\/sites\/158\/2025\/03\/icon-heading.png","width":57,"height":9},{"@type":"BreadcrumbList","@id":"https:\/\/sentidoscreativos.com\/hidro\/osmosis-inversa\/#breadcrumb","itemListElement":[{"@type":"ListItem","position":1,"name":"Portada","item":"https:\/\/sentidoscreativos.com\/hidro\/"},{"@type":"ListItem","position":2,"name":"\u00d3smosis inversa"}]},{"@type":"WebSite","@id":"https:\/\/sentidoscreativos.com\/hidro\/#website","url":"https:\/\/sentidoscreativos.com\/hidro\/","name":"Hidroquim","description":"","publisher":{"@id":"https:\/\/sentidoscreativos.com\/hidro\/#organization"},"potentialAction":[{"@type":"SearchAction","target":{"@type":"EntryPoint","urlTemplate":"https:\/\/sentidoscreativos.com\/hidro\/?s={search_term_string}"},"query-input":{"@type":"PropertyValueSpecification","valueRequired":true,"valueName":"search_term_string"}}],"inLanguage":"en-US"},{"@type":"Organization","@id":"https:\/\/sentidoscreativos.com\/hidro\/#organization","name":"Hidroquim","url":"https:\/\/sentidoscreativos.com\/hidro\/","logo":{"@type":"ImageObject","inLanguage":"en-US","@id":"https:\/\/sentidoscreativos.com\/hidro\/#\/schema\/logo\/image\/","url":"https:\/\/sentidoscreativos.com\/hidro\/wp-content\/uploads\/sites\/158\/2025\/03\/hq01.png","contentUrl":"https:\/\/sentidoscreativos.com\/hidro\/wp-content\/uploads\/sites\/158\/2025\/03\/hq01.png","width":180,"height":90,"caption":"Hidroquim"},"image":{"@id":"https:\/\/sentidoscreativos.com\/hidro\/#\/schema\/logo\/image\/"}}]}},"_links":{"self":[{"href":"https:\/\/sentidoscreativos.com\/hidro\/wp-json\/wp\/v2\/pages\/678","targetHints":{"allow":["GET"]}}],"collection":[{"href":"https:\/\/sentidoscreativos.com\/hidro\/wp-json\/wp\/v2\/pages"}],"about":[{"href":"https:\/\/sentidoscreativos.com\/hidro\/wp-json\/wp\/v2\/types\/page"}],"author":[{"embeddable":true,"href":"https:\/\/sentidoscreativos.com\/hidro\/wp-json\/wp\/v2\/users\/148"}],"replies":[{"embeddable":true,"href":"https:\/\/sentidoscreativos.com\/hidro\/wp-json\/wp\/v2\/comments?post=678"}],"version-history":[{"count":5,"href":"https:\/\/sentidoscreativos.com\/hidro\/wp-json\/wp\/v2\/pages\/678\/revisions"}],"predecessor-version":[{"id":1245,"href":"https:\/\/sentidoscreativos.com\/hidro\/wp-json\/wp\/v2\/pages\/678\/revisions\/1245"}],"wp:attachment":[{"href":"https:\/\/sentidoscreativos.com\/hidro\/wp-json\/wp\/v2\/media?parent=678"}],"curies":[{"name":"wp","href":"https:\/\/api.w.org\/{rel}","templated":true}]}}