{"id":8352,"date":"2025-07-10T20:05:29","date_gmt":"2025-07-10T20:05:29","guid":{"rendered":"https:\/\/sentidoscreativos.com\/redinnovagro\/?page_id=8352"},"modified":"2025-10-16T22:35:26","modified_gmt":"2025-10-16T22:35:26","slug":"mision-vision-objetivos","status":"publish","type":"page","link":"https:\/\/sentidoscreativos.com\/redinnovagro\/nosotros\/mision-vision-objetivos\/","title":{"rendered":"Misi\u00f3n, Visi\u00f3n y Objetivos"},"content":{"rendered":"<div class=\"fusion-fullwidth fullwidth-box fusion-builder-row-1 fusion-flex-container has-pattern-background has-mask-background hundred-percent-fullwidth non-hundred-percent-height-scrolling\" style=\"--awb-border-radius-top-left:0px;--awb-border-radius-top-right:0px;--awb-border-radius-bottom-right:0px;--awb-border-radius-bottom-left:0px;--awb-padding-right:72px;--awb-padding-left:72px;--awb-padding-right-medium:20px;--awb-padding-left-medium:20px;--awb-padding-right-small:20px;--awb-padding-left-small:20px;--awb-flex-wrap:wrap;\" ><div class=\"awb-background-pattern\" style=\"background-image:  url(data:image\/svg+xml;utf8,%3Csvg%20width%3D%2260%22%20height%3D%2260%22%20fill%3D%22none%22%20xmlns%3D%22http%3A%2F%2Fwww.w3.org%2F2000%2Fsvg%22%3E%3Cpath%20d%3D%22M6%204a2%202%200%2011-4%200%202%202%200%20014%200%22%20fill%3D%22rgba%280%2C0%2C0%2C0.3%29%22%2F%3E%3C%2Fsvg%3E);opacity: 1 ;background-size:10px;mix-blend-mode:normal;\"><\/div><div class=\"fusion-builder-row fusion-row fusion-flex-align-items-flex-start fusion-flex-content-wrap\" style=\"width:103% !important;max-width:103% !important;margin-left: calc(-3% \/ 2 );margin-right: calc(-3% \/ 2 );\"><div class=\"fusion-layout-column fusion_builder_column fusion-builder-column-0 fusion_builder_column_1_2 1_2 fusion-flex-column\" style=\"--awb-bg-size:cover;--awb-width-large:50%;--awb-margin-top-large:5%;--awb-spacing-right-large:2.91%;--awb-margin-bottom-large:0px;--awb-spacing-left-large:2.91%;--awb-width-medium:50%;--awb-order-medium:0;--awb-spacing-right-medium:2.91%;--awb-spacing-left-medium:2.91%;--awb-width-small:100%;--awb-order-small:0;--awb-spacing-right-small:1.455%;--awb-spacing-left-small:1.455%;\"><div class=\"fusion-column-wrapper fusion-column-has-shadow fusion-flex-justify-content-flex-start fusion-content-layout-column\"><div class=\"fusion-image-element \" style=\"--awb-caption-title-font-family:var(--h2_typography-font-family);--awb-caption-title-font-weight:var(--h2_typography-font-weight);--awb-caption-title-font-style:var(--h2_typography-font-style);--awb-caption-title-size:var(--h2_typography-font-size);--awb-caption-title-transform:var(--h2_typography-text-transform);--awb-caption-title-line-height:var(--h2_typography-line-height);--awb-caption-title-letter-spacing:var(--h2_typography-letter-spacing);\"><span class=\" fusion-imageframe imageframe-none imageframe-1 hover-type-none\" style=\"border-radius:15px;\"><img decoding=\"async\" width=\"640\" height=\"640\" src=\"data:image\/svg+xml,%3Csvg%20xmlns%3D%27http%3A%2F%2Fwww.w3.org%2F2000%2Fsvg%27%20width%3D%27640%27%20height%3D%27640%27%20viewBox%3D%270%200%20640%20640%27%3E%3Crect%20width%3D%27640%27%20height%3D%27640%27%20fill-opacity%3D%220%22%2F%3E%3C%2Fsvg%3E\" data-orig-src=\"https:\/\/sentidoscreativos.com\/redinnovagro\/wp-content\/uploads\/sites\/157\/2025\/09\/environment_19021843-1.gif\" alt class=\"lazyload img-responsive wp-image-8863\"\/><\/span><\/div><\/div><\/div><div class=\"fusion-layout-column fusion_builder_column fusion-builder-column-1 fusion_builder_column_1_2 1_2 fusion-flex-column fusion-flex-align-self-center\" style=\"--awb-padding-right:56px;--awb-padding-left:56px;--awb-padding-top-medium:64px;--awb-padding-right-medium:40px;--awb-padding-bottom-medium:64px;--awb-padding-left-medium:40px;--awb-padding-right-small:20px;--awb-padding-left-small:20px;--awb-bg-size:cover;--awb-width-large:50%;--awb-margin-top-large:5%;--awb-spacing-right-large:2.91%;--awb-margin-bottom-large:0px;--awb-spacing-left-large:2.91%;--awb-width-medium:50%;--awb-order-medium:0;--awb-spacing-right-medium:2.91%;--awb-spacing-left-medium:2.91%;--awb-width-small:100%;--awb-order-small:0;--awb-spacing-right-small:1.455%;--awb-spacing-left-small:1.455%;\"><div class=\"fusion-column-wrapper fusion-column-has-shadow fusion-flex-justify-content-flex-start fusion-content-layout-column\"><div class=\"fusion-text fusion-text-1 fusion-text-no-margin\" style=\"--awb-font-size:var(--awb-typography2-font-size);--awb-line-height:var(--awb-typography2-line-height);--awb-letter-spacing:var(--awb-typography2-letter-spacing);--awb-text-transform:var(--awb-typography2-text-transform);--awb-margin-top:20px;--awb-margin-bottom:20px;--awb-text-font-family:var(--awb-typography2-font-family);--awb-text-font-weight:var(--awb-typography2-font-weight);--awb-text-font-style:var(--awb-typography2-font-style);\"><mark class=\"fusion-highlight custom-textcolor highlight1 awb-highlight-marker\" style=\"--awb-color:hsla(var(--awb-color5-h),var(--awb-color5-s),var(--awb-color5-l),calc(var(--awb-color5-a) - 60%));--awb-text-color:var(--awb-color9);\">Misi\u00f3n, Visi\u00f3n y Objetivos<\/mark>\n<\/div><div class=\"fusion-title title fusion-title-1 fusion-sep-none fusion-title-text fusion-title-size-two\" style=\"--awb-margin-bottom-small:30px;\"><h2 class=\"fusion-title-heading title-heading-left fusion-responsive-typography-calculated\" style=\"margin:0;--fontSize:42;line-height:var(--awb-typography1-line-height);\">Nuestro prop\u00f3sito<\/h2><\/div><div class=\"fusion-text fusion-text-2 fusion-text-no-margin\" style=\"--awb-margin-bottom:48px;\"><p>Impulsando la innovaci\u00f3n agroalimentaria con visi\u00f3n global y compromiso sostenible.<\/p>\n<\/div><div class=\"fusion-tabs-sticky-helper\" style=\"height:1px;\"><\/div><div class=\"fusion-tabs fusion-tabs-1 classic nav-is-justified sticky-tabs horizontal-tabs icon-position-left mobile-mode-toggle\" style=\"--awb-margin-bottom:0px;--awb-title-border-radius-top-left:12px;--awb-title-border-radius-top-right:12px;--awb-title-border-radius-bottom-right:12px;--awb-title-border-radius-bottom-left:12px;--awb-content-padding-top:32px;--awb-content-padding-right:20px;--awb-content-padding-bottom:0px;--awb-content-padding-left:20px;--awb-title-padding-top:20px;--awb-title-padding-bottom:20px;--awb-title-font-size:17px;--awb-title-text-transform:var(--awb-typography2-text-transform);--awb-title-line-height:var(--awb-typography2-line-height);--awb-title-letter-spacing:var(--awb-typography2-letter-spacing);--awb-alignment:start;--awb-inactive-color:var(--awb-color2);--awb-background-color:var(--awb-color1);--awb-border-color:var(--awb-color1);--awb-active-border-color:var(--awb-color4);--awb-title-font-family:var(--awb-typography2-font-family);--awb-title-font-weight:var(--awb-typography2-font-weight);--awb-title-font-style:var(--awb-typography2-font-style);\"><div class=\"nav\"><ul class=\"nav-tabs nav-justified\" role=\"tablist\"><li class=\"active\" role=\"presentation\"><a class=\"tab-link\" data-toggle=\"tab\" role=\"tab\" aria-controls=\"tab-6f1304c42fd0423b472\" aria-selected=\"true\" id=\"fusion-tab-visi\u00f3n\" href=\"#tab-6f1304c42fd0423b472\"><h4 class=\"fusion-tab-heading\">Visi\u00f3n<\/h4><\/a><\/li><li role=\"presentation\"><a class=\"tab-link\" data-toggle=\"tab\" role=\"tab\" aria-controls=\"tab-4496eff7003c87c44e4\" aria-selected=\"false\" tabindex=\"-1\" id=\"fusion-tab-misi\u00f3n\" href=\"#tab-4496eff7003c87c44e4\"><h4 class=\"fusion-tab-heading\">Misi\u00f3n<\/h4><\/a><\/li><li role=\"presentation\"><a class=\"tab-link\" data-toggle=\"tab\" role=\"tab\" aria-controls=\"tab-e5853c6a484d746219a\" aria-selected=\"false\" tabindex=\"-1\" id=\"fusion-tab-objetivos\" href=\"#tab-e5853c6a484d746219a\"><h4 class=\"fusion-tab-heading\">Objetivos<\/h4><\/a><\/li><\/ul><\/div><div class=\"tab-content\"><div class=\"nav fusion-mobile-tab-nav\"><ul class=\"nav-tabs nav-justified\" role=\"tablist\"><li class=\"active\" role=\"presentation\"><a class=\"tab-link\" data-toggle=\"tab\" role=\"tab\" aria-controls=\"tab-6f1304c42fd0423b472\" aria-selected=\"true\" id=\"mobile-fusion-tab-visi\u00f3n\" href=\"#tab-6f1304c42fd0423b472\"><h4 class=\"fusion-tab-heading\">Visi\u00f3n<\/h4><\/a><\/li><\/ul><\/div><div class=\"tab-pane fade fusion-clearfix in active\" role=\"tabpanel\" tabindex=\"0\" aria-labelledby=\"fusion-tab-visi\u00f3n\" id=\"tab-6f1304c42fd0423b472\">\n<p>Conectar ideas, esfuerzos e instituciones a trav\u00e9s de actos de creaci\u00f3n colaborativa, tejiendo caminos hacia la innovaci\u00f3n agroalimentaria sostenible.<\/p>\n<\/div><div class=\"nav fusion-mobile-tab-nav\"><ul class=\"nav-tabs nav-justified\" role=\"tablist\"><li role=\"presentation\"><a class=\"tab-link\" data-toggle=\"tab\" role=\"tab\" aria-controls=\"tab-4496eff7003c87c44e4\" aria-selected=\"false\" tabindex=\"-1\" id=\"mobile-fusion-tab-misi\u00f3n\" href=\"#tab-4496eff7003c87c44e4\"><h4 class=\"fusion-tab-heading\">Misi\u00f3n<\/h4><\/a><\/li><\/ul><\/div><div class=\"tab-pane fade fusion-clearfix\" role=\"tabpanel\" tabindex=\"0\" aria-labelledby=\"fusion-tab-misi\u00f3n\" id=\"tab-4496eff7003c87c44e4\">\n<p>Contribuir a la construcci\u00f3n de un mundo donde la innovaci\u00f3n garantice la seguridad alimentaria impulsando ecosistemas agroalimentarios saludables, competitivos y sostenibles.<\/p>\n<\/div><div class=\"nav fusion-mobile-tab-nav\"><ul class=\"nav-tabs nav-justified\" role=\"tablist\"><li role=\"presentation\"><a class=\"tab-link\" data-toggle=\"tab\" role=\"tab\" aria-controls=\"tab-e5853c6a484d746219a\" aria-selected=\"false\" tabindex=\"-1\" id=\"mobile-fusion-tab-objetivos\" href=\"#tab-e5853c6a484d746219a\"><h4 class=\"fusion-tab-heading\">Objetivos<\/h4><\/a><\/li><\/ul><\/div><div class=\"tab-pane fade fusion-clearfix\" role=\"tabpanel\" tabindex=\"0\" aria-labelledby=\"fusion-tab-objetivos\" id=\"tab-e5853c6a484d746219a\">\n<p>Colaborar con los miembros de la Red basada en sus demandas y necesidades, a partir del rol que cada uno de \u00e9stos juega en el proceso de gesti\u00f3n de la innovaci\u00f3n en sus pa\u00edses y en los ecosistemas de innovaci\u00f3n agroalimentarios nacionales y regionales.<\/p>\n<\/div><\/div><\/div><\/div><\/div><\/div><\/div>\n","protected":false},"excerpt":{"rendered":"","protected":false},"author":3,"featured_media":0,"parent":8329,"menu_order":0,"comment_status":"closed","ping_status":"closed","template":"100-width.php","meta":{"_acf_changed":false,"footnotes":""},"class_list":["post-8352","page","type-page","status-publish","hentry"],"yoast_head":"<!-- This site is optimized with the Yoast SEO plugin v27.4 - https:\/\/yoast.com\/product\/yoast-seo-wordpress\/ -->\n<title>Misi\u00f3n, Visi\u00f3n y Objetivos - Red INNOVAGRO<\/title>\n<meta name=\"robots\" content=\"index, follow, max-snippet:-1, max-image-preview:large, max-video-preview:-1\" \/>\n<link rel=\"canonical\" href=\"https:\/\/sentidoscreativos.com\/redinnovagro\/nosotros\/mision-vision-objetivos\/\" \/>\n<meta property=\"og:locale\" content=\"es_ES\" \/>\n<meta property=\"og:type\" content=\"article\" \/>\n<meta property=\"og:title\" content=\"Misi\u00f3n, Visi\u00f3n y Objetivos - Red INNOVAGRO\" \/>\n<meta property=\"og:url\" content=\"https:\/\/sentidoscreativos.com\/redinnovagro\/nosotros\/mision-vision-objetivos\/\" \/>\n<meta property=\"og:site_name\" content=\"Red INNOVAGRO\" \/>\n<meta property=\"article:modified_time\" content=\"2025-10-16T22:35:26+00:00\" \/>\n<meta name=\"twitter:card\" content=\"summary_large_image\" \/>\n<meta name=\"twitter:label1\" content=\"Tiempo de lectura\" \/>\n\t<meta name=\"twitter:data1\" content=\"1 minuto\" \/>\n<script type=\"application\/ld+json\" class=\"yoast-schema-graph\">{\"@context\":\"https:\\\/\\\/schema.org\",\"@graph\":[{\"@type\":\"WebPage\",\"@id\":\"https:\\\/\\\/sentidoscreativos.com\\\/redinnovagro\\\/nosotros\\\/mision-vision-objetivos\\\/\",\"url\":\"https:\\\/\\\/sentidoscreativos.com\\\/redinnovagro\\\/nosotros\\\/mision-vision-objetivos\\\/\",\"name\":\"Misi\u00f3n, Visi\u00f3n y Objetivos - Red INNOVAGRO\",\"isPartOf\":{\"@id\":\"https:\\\/\\\/sentidoscreativos.com\\\/redinnovagro\\\/#website\"},\"datePublished\":\"2025-07-10T20:05:29+00:00\",\"dateModified\":\"2025-10-16T22:35:26+00:00\",\"breadcrumb\":{\"@id\":\"https:\\\/\\\/sentidoscreativos.com\\\/redinnovagro\\\/nosotros\\\/mision-vision-objetivos\\\/#breadcrumb\"},\"inLanguage\":\"es\",\"potentialAction\":[{\"@type\":\"ReadAction\",\"target\":[\"https:\\\/\\\/sentidoscreativos.com\\\/redinnovagro\\\/nosotros\\\/mision-vision-objetivos\\\/\"]}]},{\"@type\":\"BreadcrumbList\",\"@id\":\"https:\\\/\\\/sentidoscreativos.com\\\/redinnovagro\\\/nosotros\\\/mision-vision-objetivos\\\/#breadcrumb\",\"itemListElement\":[{\"@type\":\"ListItem\",\"position\":1,\"name\":\"Home\",\"item\":\"https:\\\/\\\/sentidoscreativos.com\\\/redinnovagro\\\/\"},{\"@type\":\"ListItem\",\"position\":2,\"name\":\"Nosotros\",\"item\":\"https:\\\/\\\/sentidoscreativos.com\\\/redinnovagro\\\/nosotros\\\/\"},{\"@type\":\"ListItem\",\"position\":3,\"name\":\"Misi\u00f3n, Visi\u00f3n y Objetivos\"}]},{\"@type\":\"WebSite\",\"@id\":\"https:\\\/\\\/sentidoscreativos.com\\\/redinnovagro\\\/#website\",\"url\":\"https:\\\/\\\/sentidoscreativos.com\\\/redinnovagro\\\/\",\"name\":\"Red INNOVAGRO\",\"description\":\"\",\"potentialAction\":[{\"@type\":\"SearchAction\",\"target\":{\"@type\":\"EntryPoint\",\"urlTemplate\":\"https:\\\/\\\/sentidoscreativos.com\\\/redinnovagro\\\/?s={search_term_string}\"},\"query-input\":{\"@type\":\"PropertyValueSpecification\",\"valueRequired\":true,\"valueName\":\"search_term_string\"}}],\"inLanguage\":\"es\"}]}<\/script>\n<!-- \/ Yoast SEO plugin. -->","yoast_head_json":{"title":"Misi\u00f3n, Visi\u00f3n y Objetivos - Red INNOVAGRO","robots":{"index":"index","follow":"follow","max-snippet":"max-snippet:-1","max-image-preview":"max-image-preview:large","max-video-preview":"max-video-preview:-1"},"canonical":"https:\/\/sentidoscreativos.com\/redinnovagro\/nosotros\/mision-vision-objetivos\/","og_locale":"es_ES","og_type":"article","og_title":"Misi\u00f3n, Visi\u00f3n y Objetivos - Red INNOVAGRO","og_url":"https:\/\/sentidoscreativos.com\/redinnovagro\/nosotros\/mision-vision-objetivos\/","og_site_name":"Red INNOVAGRO","article_modified_time":"2025-10-16T22:35:26+00:00","twitter_card":"summary_large_image","twitter_misc":{"Tiempo de lectura":"1 minuto"},"schema":{"@context":"https:\/\/schema.org","@graph":[{"@type":"WebPage","@id":"https:\/\/sentidoscreativos.com\/redinnovagro\/nosotros\/mision-vision-objetivos\/","url":"https:\/\/sentidoscreativos.com\/redinnovagro\/nosotros\/mision-vision-objetivos\/","name":"Misi\u00f3n, Visi\u00f3n y Objetivos - Red INNOVAGRO","isPartOf":{"@id":"https:\/\/sentidoscreativos.com\/redinnovagro\/#website"},"datePublished":"2025-07-10T20:05:29+00:00","dateModified":"2025-10-16T22:35:26+00:00","breadcrumb":{"@id":"https:\/\/sentidoscreativos.com\/redinnovagro\/nosotros\/mision-vision-objetivos\/#breadcrumb"},"inLanguage":"es","potentialAction":[{"@type":"ReadAction","target":["https:\/\/sentidoscreativos.com\/redinnovagro\/nosotros\/mision-vision-objetivos\/"]}]},{"@type":"BreadcrumbList","@id":"https:\/\/sentidoscreativos.com\/redinnovagro\/nosotros\/mision-vision-objetivos\/#breadcrumb","itemListElement":[{"@type":"ListItem","position":1,"name":"Home","item":"https:\/\/sentidoscreativos.com\/redinnovagro\/"},{"@type":"ListItem","position":2,"name":"Nosotros","item":"https:\/\/sentidoscreativos.com\/redinnovagro\/nosotros\/"},{"@type":"ListItem","position":3,"name":"Misi\u00f3n, Visi\u00f3n y Objetivos"}]},{"@type":"WebSite","@id":"https:\/\/sentidoscreativos.com\/redinnovagro\/#website","url":"https:\/\/sentidoscreativos.com\/redinnovagro\/","name":"Red INNOVAGRO","description":"","potentialAction":[{"@type":"SearchAction","target":{"@type":"EntryPoint","urlTemplate":"https:\/\/sentidoscreativos.com\/redinnovagro\/?s={search_term_string}"},"query-input":{"@type":"PropertyValueSpecification","valueRequired":true,"valueName":"search_term_string"}}],"inLanguage":"es"}]}},"acf":[],"_links":{"self":[{"href":"https:\/\/sentidoscreativos.com\/redinnovagro\/wp-json\/wp\/v2\/pages\/8352","targetHints":{"allow":["GET"]}}],"collection":[{"href":"https:\/\/sentidoscreativos.com\/redinnovagro\/wp-json\/wp\/v2\/pages"}],"about":[{"href":"https:\/\/sentidoscreativos.com\/redinnovagro\/wp-json\/wp\/v2\/types\/page"}],"author":[{"embeddable":true,"href":"https:\/\/sentidoscreativos.com\/redinnovagro\/wp-json\/wp\/v2\/users\/3"}],"replies":[{"embeddable":true,"href":"https:\/\/sentidoscreativos.com\/redinnovagro\/wp-json\/wp\/v2\/comments?post=8352"}],"version-history":[{"count":13,"href":"https:\/\/sentidoscreativos.com\/redinnovagro\/wp-json\/wp\/v2\/pages\/8352\/revisions"}],"predecessor-version":[{"id":9649,"href":"https:\/\/sentidoscreativos.com\/redinnovagro\/wp-json\/wp\/v2\/pages\/8352\/revisions\/9649"}],"up":[{"embeddable":true,"href":"https:\/\/sentidoscreativos.com\/redinnovagro\/wp-json\/wp\/v2\/pages\/8329"}],"wp:attachment":[{"href":"https:\/\/sentidoscreativos.com\/redinnovagro\/wp-json\/wp\/v2\/media?parent=8352"}],"curies":[{"name":"wp","href":"https:\/\/api.w.org\/{rel}","templated":true}]}}