{"id":6807,"date":"2025-12-09T19:14:15","date_gmt":"2025-12-09T19:14:15","guid":{"rendered":"https:\/\/sentidoscreativos.com\/sanfernando\/?page_id=6807"},"modified":"2026-02-24T16:52:53","modified_gmt":"2026-02-24T16:52:53","slug":"aviso-de-privacidad","status":"publish","type":"page","link":"https:\/\/sentidoscreativos.com\/sanfernando\/aviso-de-privacidad\/","title":{"rendered":"Aviso de Privacidad"},"content":{"rendered":"<p><div class=\"fusion-fullwidth fullwidth-box fusion-builder-row-1 fusion-flex-container has-pattern-background has-mask-background fusion-parallax-fixed nonhundred-percent-fullwidth non-hundred-percent-height-scrolling lazyload fusion-animated fusion-custom-z-index\" style=\"--awb-border-radius-top-left:0px;--awb-border-radius-top-right:0px;--awb-border-radius-bottom-right:0px;--awb-border-radius-bottom-left:0px;--awb-z-index:0;--awb-padding-top:190px;--awb-padding-bottom:190px;--awb-padding-top-medium:130px;--awb-padding-bottom-medium:130px;--awb-padding-top-small:95px;--awb-padding-bottom-small:95px;--awb-margin-bottom-medium:90px;--awb-margin-bottom-small:80px;--awb-background-color:var(--awb-color7);--awb-background-image:linear-gradient(180deg, hsla(var(--awb-color8-h),var(--awb-color8-s),var(--awb-color8-l),calc(var(--awb-color8-a) - 50%)) 0%,hsla(var(--awb-color8-h),var(--awb-color8-s),var(--awb-color8-l),calc(var(--awb-color8-a) - 50%)) 100%);;--awb-background-size:cover;--awb-flex-wrap:wrap;background-attachment:fixed;--awb-animation-color:var(--awb-color5);\" data-bg=\"https:\/\/sentidoscreativos.com\/sanfernando\/wp-content\/uploads\/sites\/168\/2025\/11\/SCB04821.jpg\" data-bg-gradient=\"linear-gradient(180deg, hsla(var(--awb-color8-h),var(--awb-color8-s),var(--awb-color8-l),calc(var(--awb-color8-a) - 50%)) 0%,hsla(var(--awb-color8-h),var(--awb-color8-s),var(--awb-color8-l),calc(var(--awb-color8-a) - 50%)) 100%)\" data-animationType=\"revealInLeft\" data-animationDuration=\"1.3\" data-animationOffset=\"top-into-view\" ><div class=\"awb-background-pattern\" style=\"background-image:  url(https:\/\/sentidoscreativos.com\/sanfernando\/wp-content\/uploads\/sites\/168\/2023\/07\/pattern-2.svg);opacity: 0.15 ;mix-blend-mode:normal;\"><\/div><div class=\"fusion-builder-row fusion-row fusion-flex-align-items-flex-start fusion-flex-content-wrap\" style=\"max-width:1256.6px;margin-left: calc(-3% \/ 2 );margin-right: calc(-3% \/ 2 );\"><div class=\"fusion-layout-column fusion_builder_column fusion-builder-column-0 fusion_builder_column_1_1 1_1 fusion-flex-column fusion-animated\" style=\"--awb-bg-size:cover;--awb-width-large:100%;--awb-spacing-right-large:5.626%;--awb-margin-bottom-large:0px;--awb-spacing-left-large:1.455%;--awb-width-medium:100%;--awb-order-medium:0;--awb-spacing-right-medium:5.626%;--awb-spacing-left-medium:1.455%;--awb-width-small:100%;--awb-order-small:0;--awb-spacing-right-small:1.455%;--awb-spacing-left-small:1.455%;\" data-animationType=\"fadeInUp\" data-animationDuration=\"1.3\" data-animationOffset=\"top-into-view\"><div class=\"fusion-column-wrapper fusion-column-has-shadow fusion-flex-justify-content-flex-start fusion-content-layout-column\"><div class=\"fusion-title title fusion-title-1 fusion-sep-none fusion-title-center fusion-title-text fusion-title-size-two\" style=\"--awb-text-color:var(--awb-color1);--awb-margin-bottom:16px;--awb-margin-bottom-small:20px;--awb-font-size:56px;\"><h2 class=\"fusion-title-heading title-heading-center fusion-responsive-typography-calculated\" style=\"margin:0;font-size:1em;--fontSize:56;line-height:var(--awb-typography1-line-height);\">Aviso de Privacidad<\/h2><\/div><div class=\"fusion-text fusion-text-1 fusion-animated fusion-text-no-margin\" style=\"--awb-content-alignment:center;--awb-font-size:28px;--awb-text-color:var(--awb-color1);--awb-margin-bottom:40px;\" data-animationType=\"bounceInUp\" data-animationDuration=\"0.9\" data-animationOffset=\"top-into-view\"><p>En San Fernando protegemos tus datos y respetamos tu privacidad.<\/p>\n<\/div><\/div><\/div><\/div><\/div><div class=\"fusion-fullwidth fullwidth-box fusion-builder-row-2 fusion-flex-container fusion-parallax-none nonhundred-percent-fullwidth non-hundred-percent-height-scrolling lazyload\" style=\"--awb-background-blend-mode:overlay;--awb-border-radius-top-left:0px;--awb-border-radius-top-right:0px;--awb-border-radius-bottom-right:0px;--awb-border-radius-bottom-left:0px;--awb-padding-top:120px;--awb-padding-bottom:0px;--awb-padding-top-small:60px;--awb-margin-bottom:0px;--awb-background-color:var(--awb-color7);--awb-background-image:linear-gradient(180deg, var(--awb-color5) 0%,var(--awb-color5) 100%);;--awb-background-size:cover;--awb-flex-wrap:wrap;\" data-bg=\"https:\/\/sentidoscreativos.com\/sanfernando\/wp-content\/uploads\/sites\/168\/2025\/12\/background.jpg\" data-bg-gradient=\"linear-gradient(180deg, var(--awb-color5) 0%,var(--awb-color5) 100%)\" ><div class=\"fusion-builder-row fusion-row fusion-flex-align-items-center fusion-flex-content-wrap\" style=\"max-width:calc( 1220px + 120px );margin-left: calc(-120px \/ 2 );margin-right: calc(-120px \/ 2 );\"><div class=\"fusion-layout-column fusion_builder_column fusion-builder-column-1 fusion_builder_column_1_2 1_2 fusion-flex-column fusion-animated\" style=\"--awb-bg-size:cover;--awb-width-large:50%;--awb-spacing-right-large:60px;--awb-margin-bottom-large:0px;--awb-spacing-left-large:60px;--awb-width-medium:50%;--awb-order-medium:0;--awb-spacing-right-medium:60px;--awb-spacing-left-medium:60px;--awb-width-small:100%;--awb-order-small:1;--awb-spacing-right-small:60px;--awb-spacing-left-small:60px;\" data-animationType=\"fadeInLeft\" data-animationDuration=\"0.3\" data-animationOffset=\"top-into-view\"><div class=\"fusion-column-wrapper fusion-column-has-shadow fusion-flex-justify-content-flex-start fusion-content-layout-column\"><div class=\"fusion-title title fusion-title-2 fusion-sep-none fusion-title-text fusion-title-size-one\" style=\"--awb-text-color:var(--awb-color1);--awb-font-size:67px;\"><h1 class=\"fusion-title-heading title-heading-left fusion-responsive-typography-calculated\" style=\"font-family:&quot;Urbanist&quot;;font-style:normal;font-weight:500;margin:0;text-transform:var(--awb-typography1-text-transform);font-size:1em;--fontSize:67;line-height:1.1;\">Qui\u00e9n Protege sus Datos Personales<\/h1><\/div><div class=\"fusion-text fusion-text-2 fusion-text-no-margin\" style=\"--awb-text-color:hsla(var(--awb-color1-h),var(--awb-color1-s),var(--awb-color1-l),calc(var(--awb-color1-a) - 25%));--awb-margin-bottom:50px;\"><p>SIBRA ARRENDADORA, S.A. DE C.V., en car\u00e1cter de administrador del CENTRO COMERCIAL conocido como<br \/>PLAZA SAN FERNANDO. Con domicilio en calle Constituci\u00f3n #555, colonia Lomas de Circunvalaci\u00f3n, ciudad Colima, municipio o delegaci\u00f3n Colima, c.p. 28010, en la entidad de Colima, pa\u00eds M\u00e9xico, es el responsable del uso y protecci\u00f3n de sus datos personales.<\/p>\n<\/div><div ><a class=\"fusion-button button-flat fusion-button-default-size button-custom fusion-button-default button-1 fusion-button-default-span fusion-button-default-type\" style=\"--button_accent_color:var(--awb-color1);--button_accent_hover_color:var(--awb-color6);--button_border_hover_color:var(--awb-color5);--button_gradient_top_color:#fc6000;--button_gradient_bottom_color:#fc6000;--button_gradient_top_color_hover:hsla(var(--awb-color4-h),var(--awb-color4-s),calc(var(--awb-color4-l) - 20%),var(--awb-color4-a));--button_gradient_bottom_color_hover:hsla(var(--awb-color4-h),var(--awb-color4-s),calc(var(--awb-color4-l) - 20%),var(--awb-color4-a));--button_padding-top:20px;--button_padding-right:35px;--button_padding-bottom:20px;--button_padding-left:35px;\" target=\"_self\" href=\"#info\"><span class=\"fusion-button-text awb-button__text awb-button__text--default\">Consultar informaci\u00f3n completa<\/span><\/a><\/div><\/div><\/div><div class=\"fusion-layout-column fusion_builder_column fusion-builder-column-2 fusion_builder_column_1_2 1_2 fusion-flex-column fusion-animated\" style=\"--awb-bg-size:cover;--awb-width-large:50%;--awb-spacing-right-large:60px;--awb-margin-bottom-large:0px;--awb-spacing-left-large:60px;--awb-width-medium:50%;--awb-order-medium:0;--awb-spacing-right-medium:60px;--awb-spacing-left-medium:60px;--awb-width-small:100%;--awb-order-small:0;--awb-spacing-right-small:60px;--awb-margin-bottom-small:60px;--awb-spacing-left-small:60px;\" data-animationType=\"fadeInRight\" data-animationDuration=\"0.3\" data-animationOffset=\"top-into-view\"><div class=\"fusion-column-wrapper fusion-column-has-shadow fusion-flex-justify-content-flex-start fusion-content-layout-column\"><div class=\"fusion-image-element \" style=\"--awb-aspect-ratio: 100 \/ 107;--awb-caption-title-font-family:var(--h2_typography-font-family);--awb-caption-title-font-weight:var(--h2_typography-font-weight);--awb-caption-title-font-style:var(--h2_typography-font-style);--awb-caption-title-size:var(--h2_typography-font-size);--awb-caption-title-transform:var(--h2_typography-text-transform);--awb-caption-title-line-height:var(--h2_typography-line-height);--awb-caption-title-letter-spacing:var(--h2_typography-letter-spacing);\"><span class=\" fusion-imageframe imageframe-none imageframe-1 hover-type-none has-aspect-ratio\" style=\"border-radius:20px;\"><img decoding=\"async\" width=\"1008\" height=\"1008\" src=\"https:\/\/sentidoscreativos.com\/sanfernando\/wp-content\/uploads\/sites\/168\/2025\/12\/12389990_1.jpg\" data-orig-src=\"https:\/\/sentidoscreativos.com\/sanfernando\/wp-content\/uploads\/sites\/168\/2025\/12\/12389990_1.jpg\" class=\"lazyload img-responsive wp-image-6958 img-with-aspect-ratio\" data-parent-fit=\"cover\" data-parent-container=\".fusion-image-element\" alt srcset=\"data:image\/svg+xml,%3Csvg%20xmlns%3D%27http%3A%2F%2Fwww.w3.org%2F2000%2Fsvg%27%20width%3D%271008%27%20height%3D%271008%27%20viewBox%3D%270%200%201008%201008%27%3E%3Crect%20width%3D%271008%27%20height%3D%271008%27%20fill-opacity%3D%220%22%2F%3E%3C%2Fsvg%3E\" data-srcset=\"https:\/\/sentidoscreativos.com\/sanfernando\/wp-content\/uploads\/sites\/168\/2025\/12\/12389990_1-200x200.jpg 200w, https:\/\/sentidoscreativos.com\/sanfernando\/wp-content\/uploads\/sites\/168\/2025\/12\/12389990_1-400x400.jpg 400w, https:\/\/sentidoscreativos.com\/sanfernando\/wp-content\/uploads\/sites\/168\/2025\/12\/12389990_1-600x600.jpg 600w, https:\/\/sentidoscreativos.com\/sanfernando\/wp-content\/uploads\/sites\/168\/2025\/12\/12389990_1-800x800.jpg 800w, https:\/\/sentidoscreativos.com\/sanfernando\/wp-content\/uploads\/sites\/168\/2025\/12\/12389990_1.jpg 1008w\" data-sizes=\"auto\" data-orig-sizes=\"(max-width: 820px) 100vw, 600px\" \/><\/span><\/div><\/div><\/div><div class=\"fusion-layout-column fusion_builder_column fusion-builder-column-3 fusion_builder_column_1_1 1_1 fusion-flex-column\" style=\"--awb-bg-size:cover;--awb-width-large:100%;--awb-margin-top-large:120px;--awb-spacing-right-large:60px;--awb-margin-bottom-large:0px;--awb-spacing-left-large:60px;--awb-width-medium:100%;--awb-order-medium:0;--awb-spacing-right-medium:60px;--awb-spacing-left-medium:60px;--awb-width-small:100%;--awb-order-small:2;--awb-margin-top-small:60px;--awb-spacing-right-small:60px;--awb-spacing-left-small:60px;\"><div class=\"fusion-column-wrapper fusion-column-has-shadow fusion-flex-justify-content-flex-start fusion-content-layout-column\"><div class=\"fusion-section-separator section-separator hills fusion-section-separator-1\" style=\"--awb-spacer-padding-top:inherit;--awb-svg-margin-left:60px;--awb-svg-margin-right:60px;--awb-svg-margin-left-medium:60px;--awb-svg-margin-right-medium:60px;--awb-svg-margin-left-small:60px;--awb-svg-margin-right-small:60px;--awb-divider-height:60px;--awb-spacer-height:60px;--awb-sep-font-size:0;--awb-sep-line-height:0;\"><div class=\"fusion-section-separator-svg\"><svg class=\"fusion-hills-candy\" xmlns=\"http:\/\/www.w3.org\/2000\/svg\" version=\"1.1\" width=\"100%\" viewBox=\"0 74 1024 107\" preserveAspectRatio=\"none\" fill=\"rgba(255,255,255,1)\"><path class=\"st4\" d=\"M0 182.086h1024v-77.312c-49.05 20.07-120.525 42.394-193.229 42.086-128.922-.512-159.846-72.294-255.795-72.294-89.088 0-134.656 80.179-245.043 82.022S169.063 99.346 49.971 97.401C32.768 97.094 16.077 99.244 0 103.135v78.951z\"\/><\/svg><\/div><div class=\"fusion-section-separator-spacer\"><div class=\"fusion-section-separator-spacer-height\"><\/div><\/div><\/div><\/div><\/div><\/div><\/div><div class=\"fusion-fullwidth fullwidth-box fusion-builder-row-3 fusion-flex-container nonhundred-percent-fullwidth non-hundred-percent-height-scrolling\" style=\"--awb-border-radius-top-left:0px;--awb-border-radius-top-right:0px;--awb-border-radius-bottom-right:0px;--awb-border-radius-bottom-left:0px;--awb-padding-top:50px;--awb-margin-bottom:50px;--awb-flex-wrap:wrap;\" ><div class=\"fusion-builder-row fusion-row fusion-flex-align-items-flex-start fusion-flex-justify-content-center fusion-flex-content-wrap\" style=\"max-width:1256.6px;margin-left: calc(-3% \/ 2 );margin-right: calc(-3% \/ 2 );\"><div class=\"fusion-layout-column fusion_builder_column fusion-builder-column-4 fusion_builder_column_1_1 1_1 fusion-flex-column\" style=\"--awb-bg-size:cover;--awb-width-large:100%;--awb-spacing-right-large:1.455%;--awb-margin-bottom-large:0px;--awb-spacing-left-large:1.455%;--awb-width-medium:100%;--awb-order-medium:0;--awb-spacing-right-medium:1.455%;--awb-spacing-left-medium:1.455%;--awb-width-small:100%;--awb-order-small:0;--awb-spacing-right-small:1.455%;--awb-spacing-left-small:1.455%;\"><div class=\"fusion-column-wrapper fusion-column-has-shadow fusion-flex-justify-content-flex-start fusion-content-layout-column\"><div class=\"fusion-text fusion-text-3 fusion-text-no-margin\" style=\"--awb-content-alignment:center;--awb-font-size:var(--awb-typography2-font-size);--awb-line-height:var(--awb-typography2-line-height);--awb-letter-spacing:var(--awb-typography2-letter-spacing);--awb-text-transform:var(--awb-typography2-text-transform);--awb-margin-top:8px;--awb-margin-bottom:20px;--awb-text-font-family:var(--awb-typography2-font-family);--awb-text-font-weight:var(--awb-typography2-font-weight);--awb-text-font-style:var(--awb-typography2-font-style);\"><mark class=\"fusion-highlight custom-textcolor highlight1 awb-highlight-marker\" style=\"--awb-color:hsla(var(--awb-color6-h),var(--awb-color6-s),var(--awb-color6-l),calc(var(--awb-color6-a) - 60%));--awb-text-color:var(--awb-color6);\">Conoce c\u00f3mo recabamos, utilizamos y protegemos tu informaci\u00f3n.<\/mark>\n<\/div><div class=\"fusion-title title fusion-title-3 fusion-sep-none fusion-title-center fusion-title-text fusion-title-size-two\" style=\"--awb-margin-bottom:48px;--awb-margin-bottom-small:64px;\"><h2 class=\"fusion-title-heading title-heading-center fusion-responsive-typography-calculated\" style=\"margin:0;--fontSize:42;line-height:var(--awb-typography1-line-height);\">Los datos que recabemos de usted, los utilizaremos para las siguientes finalidades:<\/h2><\/div><\/div><\/div><div class=\"fusion-layout-column fusion_builder_column fusion-builder-column-5 fusion_builder_column_3_4 3_4 fusion-flex-column fusion-flex-align-self-stretch\" style=\"--awb-padding-top:48px;--awb-padding-right:48px;--awb-padding-bottom:48px;--awb-padding-left:48px;--awb-overflow:hidden;--awb-bg-color:var(--awb-color4);--awb-bg-color-hover:var(--awb-color4);--awb-bg-position:right top;--awb-bg-blend:color-burn;--awb-bg-size:cover;--awb-border-radius:20px 20px 20px 20px;--awb-width-large:75%;--awb-spacing-right-large:1.94%;--awb-margin-bottom-large:0px;--awb-spacing-left-large:0%;--awb-width-medium:75%;--awb-order-medium:0;--awb-spacing-right-medium:1.94%;--awb-spacing-left-medium:0%;--awb-width-small:100%;--awb-order-small:0;--awb-spacing-right-small:1.455%;--awb-margin-bottom-small:40px;--awb-spacing-left-small:1.455%;\"><div class=\"fusion-column-wrapper lazyload fusion-column-has-shadow fusion-flex-justify-content-flex-start fusion-content-layout-column fusion-column-has-bg-image\" data-bg-url=\"https:\/\/sentidoscreativos.com\/sanfernando\/wp-content\/uploads\/sites\/168\/2024\/11\/reviews-cta-bg-1.png\" data-bg=\"https:\/\/sentidoscreativos.com\/sanfernando\/wp-content\/uploads\/sites\/168\/2024\/11\/reviews-cta-bg-1.png\"><div class=\"fusion-separator fusion-full-width-sep\" style=\"align-self: center;margin-left: auto;margin-right: auto;margin-bottom:24px;width:100%;\" id=\"info\"><\/div><div class=\"fusion-text fusion-text-4 fusion-text-no-margin\" style=\"--awb-font-size:var(--awb-typography4-font-size);--awb-line-height:1.5;--awb-letter-spacing:var(--awb-typography2-letter-spacing);--awb-text-transform:var(--awb-typography2-text-transform);--awb-text-color:var(--awb-color6);--awb-margin-bottom:0px;--awb-text-font-family:var(--awb-typography2-font-family);--awb-text-font-weight:var(--awb-typography2-font-weight);--awb-text-font-style:var(--awb-typography2-font-style);\"><p>Atender sus dudas, quejas, sugerencias y dar seguimiento a las mismas; estar en contacto con usted; enviar nuestras promociones; notificar sobre nuestros servicios y\/o productos; elaborar estudios y programas que son necesarios para determinar h\u00e1bitos de consumo con el fin de mejorar los beneficios que usted adquiere al ser cliente; y realizar actividades de mercadotecnia o publicitarias.<\/p>\n<p>Para llevar a cabo las finalidades descritas en el presente aviso de privacidad, utilizaremos los siguientes datos personales: datos de contacto como nombre, direcci\u00f3n, correo electr\u00f3nico, tel\u00e9fono fijo y tel\u00e9fono celular.<\/p>\n<p>En caso de que no desee que sus datos personales sean tratados para estos fines, desde este momento usted nos puede comunicar lo anterior a trav\u00e9s del siguiente mecanismo: puede escribir al correo <span style=\"color: #fc7523;\"><a style=\"color: #fc7523;\" href=\"mailto:hola@sanfernandocolima.mx\">hola@sanfernandocolima.mx<\/a><\/span> o llamanos a los tel\u00e9fonos <span style=\"color: #fc7523;\"><a style=\"color: #fc7523;\" href=\"tel:+13121142849\">+1 (312) 114 2849<\/a><\/span>. La negativa para el uso de sus datos personales para estas finalidades no podr\u00e1 ser un motivo para negarle los servicios y productos que solicita o contrata con nosotros.<\/p>\n<p>Para conocer mayor informaci\u00f3n sobre los t\u00e9rminos y condiciones en que ser\u00e1n tratados sus datos personales, como los terceros con quienes compartimos su informaci\u00f3n personal y la forma en que podr\u00e1 ejercer sus derechos ARCO, puede consultar el aviso de privacidad integral en nuestro domicilio se\u00f1alado al inicio del presente aviso, en nuestra red social de Facebook o escribiendo al correo <span style=\"color: #fc7523;\"><a style=\"color: #fc7523;\" href=\"mailto:hola@sanfernandocolima.mx\">hola@sanfernandocolima.mx<\/a><\/span>.<\/p>\n<p>El presente aviso de privacidad puede sufrir modificaciones, cambios o actualizaciones derivadas de nuevos requerimientos legales; de nuestras propias necesidades por los productos o servicios que ofrecemos; de nuestras pr\u00e1cticas de privacidad; de cambios de nuestro modelo de negocio; o por otras causas. Nos comprometemos a mantenerlo informado sobre los cambios que pueda sufrir el presente aviso de privacidad a trav\u00e9s de correo electr\u00f3nico, v\u00eda telef\u00f3nica o en nuestra red social de <span style=\"color: #fc7523;\"><a style=\"color: #fc7523;\" href=\"https:\/\/www.facebook.com\/Sanfernandocolima\" target=\"_blank\" rel=\"noopener\">Facebook<\/a><\/span>.<\/p>\n<\/div><\/div><\/div><\/div><\/div><\/p>\n","protected":false},"excerpt":{"rendered":"","protected":false},"author":138,"featured_media":0,"parent":0,"menu_order":0,"comment_status":"closed","ping_status":"closed","template":"100-width.php","meta":{"_acf_changed":false,"_joinchat":[],"footnotes":""},"class_list":["post-6807","page","type-page","status-publish","hentry"],"yoast_head":"<!-- This site is optimized with the Yoast SEO plugin v27.5 - https:\/\/yoast.com\/product\/yoast-seo-wordpress\/ -->\n<title>Aviso de Privacidad - San Fernando<\/title>\n<meta name=\"robots\" content=\"index, follow, max-snippet:-1, max-image-preview:large, max-video-preview:-1\" \/>\n<link rel=\"canonical\" href=\"https:\/\/sentidoscreativos.com\/sanfernando\/aviso-de-privacidad\/\" \/>\n<meta property=\"og:locale\" content=\"es_ES\" \/>\n<meta property=\"og:type\" content=\"article\" \/>\n<meta property=\"og:title\" content=\"Aviso de Privacidad - San Fernando\" \/>\n<meta property=\"og:url\" content=\"https:\/\/sentidoscreativos.com\/sanfernando\/aviso-de-privacidad\/\" \/>\n<meta property=\"og:site_name\" content=\"San Fernando\" \/>\n<meta property=\"article:modified_time\" content=\"2026-02-24T16:52:53+00:00\" \/>\n<meta name=\"twitter:card\" content=\"summary_large_image\" \/>\n<meta name=\"twitter:label1\" content=\"Tiempo de lectura\" \/>\n\t<meta name=\"twitter:data1\" content=\"3 minutos\" \/>\n<script type=\"application\/ld+json\" class=\"yoast-schema-graph\">{\"@context\":\"https:\\\/\\\/schema.org\",\"@graph\":[{\"@type\":\"WebPage\",\"@id\":\"https:\\\/\\\/sentidoscreativos.com\\\/sanfernando\\\/aviso-de-privacidad\\\/\",\"url\":\"https:\\\/\\\/sentidoscreativos.com\\\/sanfernando\\\/aviso-de-privacidad\\\/\",\"name\":\"Aviso de Privacidad - San Fernando\",\"isPartOf\":{\"@id\":\"https:\\\/\\\/sentidoscreativos.com\\\/sanfernando\\\/#website\"},\"datePublished\":\"2025-12-09T19:14:15+00:00\",\"dateModified\":\"2026-02-24T16:52:53+00:00\",\"breadcrumb\":{\"@id\":\"https:\\\/\\\/sentidoscreativos.com\\\/sanfernando\\\/aviso-de-privacidad\\\/#breadcrumb\"},\"inLanguage\":\"es\",\"potentialAction\":[{\"@type\":\"ReadAction\",\"target\":[\"https:\\\/\\\/sentidoscreativos.com\\\/sanfernando\\\/aviso-de-privacidad\\\/\"]}]},{\"@type\":\"BreadcrumbList\",\"@id\":\"https:\\\/\\\/sentidoscreativos.com\\\/sanfernando\\\/aviso-de-privacidad\\\/#breadcrumb\",\"itemListElement\":[{\"@type\":\"ListItem\",\"position\":1,\"name\":\"Home\",\"item\":\"https:\\\/\\\/sentidoscreativos.com\\\/sanfernando\\\/\"},{\"@type\":\"ListItem\",\"position\":2,\"name\":\"Aviso de Privacidad\"}]},{\"@type\":\"WebSite\",\"@id\":\"https:\\\/\\\/sentidoscreativos.com\\\/sanfernando\\\/#website\",\"url\":\"https:\\\/\\\/sentidoscreativos.com\\\/sanfernando\\\/\",\"name\":\"San Fernando\",\"description\":\"\",\"potentialAction\":[{\"@type\":\"SearchAction\",\"target\":{\"@type\":\"EntryPoint\",\"urlTemplate\":\"https:\\\/\\\/sentidoscreativos.com\\\/sanfernando\\\/?s={search_term_string}\"},\"query-input\":{\"@type\":\"PropertyValueSpecification\",\"valueRequired\":true,\"valueName\":\"search_term_string\"}}],\"inLanguage\":\"es\"}]}<\/script>\n<!-- \/ Yoast SEO plugin. -->","yoast_head_json":{"title":"Aviso de Privacidad - San Fernando","robots":{"index":"index","follow":"follow","max-snippet":"max-snippet:-1","max-image-preview":"max-image-preview:large","max-video-preview":"max-video-preview:-1"},"canonical":"https:\/\/sentidoscreativos.com\/sanfernando\/aviso-de-privacidad\/","og_locale":"es_ES","og_type":"article","og_title":"Aviso de Privacidad - San Fernando","og_url":"https:\/\/sentidoscreativos.com\/sanfernando\/aviso-de-privacidad\/","og_site_name":"San Fernando","article_modified_time":"2026-02-24T16:52:53+00:00","twitter_card":"summary_large_image","twitter_misc":{"Tiempo de lectura":"3 minutos"},"schema":{"@context":"https:\/\/schema.org","@graph":[{"@type":"WebPage","@id":"https:\/\/sentidoscreativos.com\/sanfernando\/aviso-de-privacidad\/","url":"https:\/\/sentidoscreativos.com\/sanfernando\/aviso-de-privacidad\/","name":"Aviso de Privacidad - San Fernando","isPartOf":{"@id":"https:\/\/sentidoscreativos.com\/sanfernando\/#website"},"datePublished":"2025-12-09T19:14:15+00:00","dateModified":"2026-02-24T16:52:53+00:00","breadcrumb":{"@id":"https:\/\/sentidoscreativos.com\/sanfernando\/aviso-de-privacidad\/#breadcrumb"},"inLanguage":"es","potentialAction":[{"@type":"ReadAction","target":["https:\/\/sentidoscreativos.com\/sanfernando\/aviso-de-privacidad\/"]}]},{"@type":"BreadcrumbList","@id":"https:\/\/sentidoscreativos.com\/sanfernando\/aviso-de-privacidad\/#breadcrumb","itemListElement":[{"@type":"ListItem","position":1,"name":"Home","item":"https:\/\/sentidoscreativos.com\/sanfernando\/"},{"@type":"ListItem","position":2,"name":"Aviso de Privacidad"}]},{"@type":"WebSite","@id":"https:\/\/sentidoscreativos.com\/sanfernando\/#website","url":"https:\/\/sentidoscreativos.com\/sanfernando\/","name":"San Fernando","description":"","potentialAction":[{"@type":"SearchAction","target":{"@type":"EntryPoint","urlTemplate":"https:\/\/sentidoscreativos.com\/sanfernando\/?s={search_term_string}"},"query-input":{"@type":"PropertyValueSpecification","valueRequired":true,"valueName":"search_term_string"}}],"inLanguage":"es"}]}},"acf":[],"_links":{"self":[{"href":"https:\/\/sentidoscreativos.com\/sanfernando\/wp-json\/wp\/v2\/pages\/6807","targetHints":{"allow":["GET"]}}],"collection":[{"href":"https:\/\/sentidoscreativos.com\/sanfernando\/wp-json\/wp\/v2\/pages"}],"about":[{"href":"https:\/\/sentidoscreativos.com\/sanfernando\/wp-json\/wp\/v2\/types\/page"}],"author":[{"embeddable":true,"href":"https:\/\/sentidoscreativos.com\/sanfernando\/wp-json\/wp\/v2\/users\/138"}],"replies":[{"embeddable":true,"href":"https:\/\/sentidoscreativos.com\/sanfernando\/wp-json\/wp\/v2\/comments?post=6807"}],"version-history":[{"count":11,"href":"https:\/\/sentidoscreativos.com\/sanfernando\/wp-json\/wp\/v2\/pages\/6807\/revisions"}],"predecessor-version":[{"id":7889,"href":"https:\/\/sentidoscreativos.com\/sanfernando\/wp-json\/wp\/v2\/pages\/6807\/revisions\/7889"}],"wp:attachment":[{"href":"https:\/\/sentidoscreativos.com\/sanfernando\/wp-json\/wp\/v2\/media?parent=6807"}],"curies":[{"name":"wp","href":"https:\/\/api.w.org\/{rel}","templated":true}]}}