{"id":4461,"date":"2023-09-14T00:35:11","date_gmt":"2023-09-14T00:35:11","guid":{"rendered":"https:\/\/sentidoscreativos.com\/simor\/?page_id=4461"},"modified":"2026-04-18T18:10:25","modified_gmt":"2026-04-18T18:10:25","slug":"blog","status":"publish","type":"page","link":"https:\/\/sentidoscreativos.com\/simor\/blog\/","title":{"rendered":"Blog"},"content":{"rendered":"<p><div id=\"fusion-scroll-section-1\" class=\"fusion-scroll-section fusion-scroll-section\" data-section=\"1\" data-animation=\"fade\" data-speed=\"800\" ><div class=\"fusion-scroll-section-element active\" data-section=\"1\" data-element=\"1\" style=\"transition-duration:450ms;&quot;\" ><div class=\"fusion-fullwidth fullwidth-box fusion-builder-row-1 fusion-flex-container fusion-parallax-none hundred-percent-fullwidth hundred-percent-height hundred-percent-height-center-content hundred-percent-height-scrolling lazyload\" style=\"--link_hover_color: #f55a2d;--link_color: #f55a2d;--awb-background-blend-mode:darken;--awb-border-sizes-top:0px;--awb-border-sizes-bottom:0px;--awb-border-sizes-left:0px;--awb-border-sizes-right:0px;--awb-border-radius-top-left:0px;--awb-border-radius-top-right:0px;--awb-border-radius-bottom-right:0px;--awb-border-radius-bottom-left:0px;--awb-padding-top:60px;--awb-padding-right:30px;--awb-padding-bottom:60px;--awb-padding-left:30px;--awb-padding-top-small:30px;--awb-padding-bottom-small:80px;--awb-padding-left-small:30px;--awb-margin-top:0px;--awb-margin-bottom:0px;--awb-background-image:linear-gradient(180deg, rgba(23,14,11,0.2) 0%,rgba(23,14,11,0.2) 100%);;--awb-background-size:cover;--awb-flex-wrap:wrap;\" data-bg=\"https:\/\/sentidoscreativos.com\/simor\/wp-content\/uploads\/sites\/173\/2026\/01\/modelo-de-casa-monedas-llaves-bienes-raices-1.jpg\" data-bg-gradient=\"linear-gradient(180deg, rgba(23,14,11,0.2) 0%,rgba(23,14,11,0.2) 100%)\" ><div class=\"fusion-builder-row fusion-row fusion-flex-align-items-flex-start fusion-flex-content-wrap\" style=\"width:107% !important;max-width:107% !important;margin-left: calc(-7% \/ 2 );margin-right: calc(-7% \/ 2 );\"><div class=\"fusion-layout-column fusion_builder_column fusion-builder-column-0 fusion_builder_column_1_1 1_1 fusion-flex-column fusion-column-inner-bg-wrapper fusion-animated\" style=\"--awb-inner-bg-size:cover;--awb-width-large:100%;--awb-margin-top-large:0px;--awb-spacing-right-large:3.255%;--awb-margin-bottom-large:0px;--awb-spacing-left-large:3.255%;--awb-width-medium:100%;--awb-order-medium:0;--awb-spacing-right-medium:3.255%;--awb-spacing-left-medium:1.86%;--awb-width-small:100%;--awb-order-small:0;--awb-spacing-right-small:3.255%;--awb-margin-bottom-small:30px;--awb-spacing-left-small:3.255%;\" data-animationType=\"fadeInDown\" data-animationDuration=\"1.3\" data-animationOffset=\"top-into-view\"><span class=\"fusion-column-inner-bg hover-type-none\"><a class=\"fusion-column-anchor\" href=\"https:\/\/sentidoscreativos.com\/simor\/2023\/10\/16\/los-beneficios-de-comprar-una-casa-propia-una-decision-que-transforma-tu-futuro\/\"><span class=\"fusion-column-inner-bg-image\"><\/span><\/a><\/span><div class=\"fusion-column-wrapper fusion-column-has-shadow fusion-flex-justify-content-flex-start fusion-content-layout-column\"><\/div><\/div><div class=\"fusion-layout-column fusion_builder_column fusion-builder-column-1 fusion_builder_column_3_5 3_5 fusion-flex-column fusion-animated\" style=\"--awb-padding-top:70px;--awb-padding-right:70px;--awb-padding-bottom:50px;--awb-padding-left:100px;--awb-padding-right-medium:10px;--awb-padding-left-medium:10px;--awb-padding-top-small:20px;--awb-padding-right-small:40px;--awb-padding-left-small:40px;--awb-overflow:hidden;--awb-bg-color:var(--awb-color1);--awb-bg-color-hover:var(--awb-color1);--awb-bg-size:cover;--awb-box-shadow: 0px 0px ;;--awb-border-radius:10px 10px 10px 10px;--awb-width-large:60%;--awb-margin-top-large:-70px;--awb-spacing-right-large:3.72%;--awb-margin-bottom-large:0px;--awb-spacing-left-large:5.425%;--awb-width-medium:50%;--awb-order-medium:0;--awb-spacing-right-medium:4.464%;--awb-spacing-left-medium:6.51%;--awb-width-small:100%;--awb-order-small:1;--awb-margin-top-small:0;--awb-spacing-right-small:3.255%;--awb-margin-bottom-small:20px;--awb-spacing-left-small:3.255%;\" data-animationType=\"fadeInUp\" data-animationDuration=\"0.6\" data-animationOffset=\"top-into-view\"><div class=\"fusion-column-wrapper fusion-column-has-shadow fusion-flex-justify-content-flex-start fusion-content-layout-column\"><div class=\"fusion-title title fusion-title-1 fusion-sep-none fusion-title-text fusion-title-size-two\" style=\"--awb-text-color:var(--awb-color8);--awb-margin-top:10px;--awb-margin-bottom:30px;--awb-margin-top-small:10px;--awb-margin-bottom-small:10px;--awb-font-size:50px;\"><h2 class=\"fusion-title-heading title-heading-left fusion-responsive-typography-calculated\" style=\"font-family:&quot;Be Vietnam Pro&quot;;font-style:normal;font-weight:800;margin:0;letter-spacing:-2px;text-transform:var(--awb-typography1-text-transform);font-size:1em;--fontSize:50;line-height:1.2;\"><p>Los beneficios de comprar una casa propia: <mark class=\"fusion-highlight custom-textcolor highlight1\" style=\"--awb-color:#f55a2d;--awb-text-color:#f55a2d;\">una decisi\u00f3n que transforma tu futuro<\/mark><\/h2><\/div><\/div><\/div><div class=\"fusion-layout-column fusion_builder_column fusion-builder-column-2 fusion_builder_column_2_5 2_5 fusion-flex-column fusion-animated\" style=\"--awb-padding-right:106px;--awb-padding-left-small:40px;--awb-bg-size:cover;--awb-width-large:40%;--awb-margin-top-large:55px;--awb-spacing-right-large:8.1375%;--awb-margin-bottom-large:0px;--awb-spacing-left-large:3.72%;--awb-width-medium:50%;--awb-order-medium:0;--awb-spacing-right-medium:6.51%;--awb-spacing-left-medium:2.976%;--awb-width-small:100%;--awb-order-small:1;--awb-margin-top-small:0px;--awb-spacing-right-small:3.255%;--awb-spacing-left-small:3.255%;\" data-animationType=\"fadeInRight\" data-animationDuration=\"1.3\" data-animationOffset=\"top-into-view\"><div class=\"fusion-column-wrapper fusion-column-has-shadow fusion-flex-justify-content-flex-start fusion-content-layout-column\"><div class=\"fusion-text fusion-text-1 fusion-text-no-margin\" style=\"--awb-font-size:16px;--awb-line-height:1.7;--awb-letter-spacing:0px;--awb-text-transform:var(--awb-typography4-text-transform);--awb-text-color:var(--awb-color1);--awb-margin-bottom:40px;--awb-text-font-family:&quot;DM Sans&quot;;--awb-text-font-style:normal;--awb-text-font-weight:400;\"><p>Comprar una casa o departamento es mucho m\u00e1s que adquirir una propiedad: es dar un paso importante hacia la estabilidad, la seguridad y la construcci\u00f3n de tu patrimonio. Aunque muchas personas creen que es un proceso complicado o fuera de su alcance, la realidad es que hoy existen opciones, cr\u00e9ditos y asesor\u00eda que hacen posible cumplir este objetivo.<\/p>\n<\/div><div style=\"text-align:left;\"><a class=\"fusion-button button-flat button-xlarge button-custom fusion-button-default button-1 fusion-button-default-span fusion-button-default-type\" style=\"--button_accent_color:var(--awb-color8);--button_border_color:#eaa800;--button_accent_hover_color:var(--awb-color1);--button_border_hover_color:var(--awb-color3);--button_border_width-top:1px;--button_border_width-right:1px;--button_border_width-bottom:1px;--button_border_width-left:1px;--button_gradient_top_color:var(--awb-color1);--button_gradient_bottom_color:var(--awb-color1);--button_gradient_top_color_hover:var(--awb-color5);--button_gradient_bottom_color_hover:var(--awb-color5);--button_text_transform:var(--awb-custom_typography_6-text-transform);--button_typography-letter-spacing:var(--awb-custom_typography_6-letter-spacing);--button_typography-font-family:var(--awb-custom_typography_6-font-family);--button_typography-font-weight:var(--awb-custom_typography_6-font-weight);--button_typography-font-style:var(--awb-custom_typography_6-font-style);\" target=\"_self\" href=\"https:\/\/sentidoscreativos.com\/simor\/2023\/10\/16\/los-beneficios-de-comprar-una-casa-propia-una-decision-que-transforma-tu-futuro\/\"><span class=\"fusion-button-text awb-button__text awb-button__text--default\">Conoce m\u00e1s<\/span><\/a><\/div><\/div><\/div><\/div><\/div><\/div><div class=\"fusion-scroll-section-element\" data-section=\"1\" data-element=\"2\" style=\"transition-duration:450ms;&quot;\" ><div class=\"fusion-fullwidth fullwidth-box fusion-builder-row-2 fusion-flex-container fusion-parallax-none hundred-percent-fullwidth hundred-percent-height hundred-percent-height-center-content hundred-percent-height-scrolling lazyload\" style=\"--link_hover_color: #f55a2d;--link_color: #f55a2d;--awb-background-blend-mode:darken;--awb-border-sizes-top:0px;--awb-border-sizes-bottom:0px;--awb-border-sizes-left:0px;--awb-border-sizes-right:0px;--awb-border-radius-top-left:0px;--awb-border-radius-top-right:0px;--awb-border-radius-bottom-right:0px;--awb-border-radius-bottom-left:0px;--awb-padding-top:60px;--awb-padding-right:30px;--awb-padding-bottom:60px;--awb-padding-left:30px;--awb-padding-top-small:30px;--awb-padding-bottom-small:80px;--awb-padding-left-small:30px;--awb-margin-top:0px;--awb-margin-bottom:0px;--awb-background-image:linear-gradient(180deg, rgba(23,14,11,0.2) 0%,rgba(23,14,11,0.2) 100%);;--awb-background-size:cover;--awb-flex-wrap:wrap;\" data-bg=\"https:\/\/sentidoscreativos.com\/simor\/wp-content\/uploads\/sites\/173\/2023\/10\/mujer-asiatica-joven-que-sostiene-la-casa-del-concepto.jpg\" data-bg-gradient=\"linear-gradient(180deg, rgba(23,14,11,0.2) 0%,rgba(23,14,11,0.2) 100%)\" ><div class=\"fusion-builder-row fusion-row fusion-flex-align-items-flex-start fusion-flex-content-wrap\" style=\"width:107% !important;max-width:107% !important;margin-left: calc(-7% \/ 2 );margin-right: calc(-7% \/ 2 );\"><div class=\"fusion-layout-column fusion_builder_column fusion-builder-column-3 fusion_builder_column_1_1 1_1 fusion-flex-column fusion-column-inner-bg-wrapper fusion-animated\" style=\"--awb-inner-bg-size:cover;--awb-width-large:100%;--awb-margin-top-large:0px;--awb-spacing-right-large:3.255%;--awb-margin-bottom-large:0px;--awb-spacing-left-large:3.255%;--awb-width-medium:100%;--awb-order-medium:0;--awb-spacing-right-medium:3.255%;--awb-spacing-left-medium:1.86%;--awb-width-small:100%;--awb-order-small:0;--awb-spacing-right-small:3.255%;--awb-margin-bottom-small:30px;--awb-spacing-left-small:3.255%;\" data-animationType=\"fadeInDown\" data-animationDuration=\"1.3\" data-animationOffset=\"top-into-view\"><span class=\"fusion-column-inner-bg hover-type-none\"><a class=\"fusion-column-anchor\" href=\"https:\/\/sentidoscreativos.com\/simor\/2023\/10\/16\/los-beneficios-de-comprar-una-casa-propia-una-decision-que-transforma-tu-futuro\/\"><span class=\"fusion-column-inner-bg-image\"><\/span><\/a><\/span><div class=\"fusion-column-wrapper fusion-column-has-shadow fusion-flex-justify-content-flex-start fusion-content-layout-column\"><\/div><\/div><div class=\"fusion-layout-column fusion_builder_column fusion-builder-column-4 fusion_builder_column_3_5 3_5 fusion-flex-column fusion-animated\" style=\"--awb-padding-top:70px;--awb-padding-right:70px;--awb-padding-bottom:50px;--awb-padding-left:100px;--awb-padding-right-medium:10px;--awb-padding-left-medium:10px;--awb-padding-top-small:20px;--awb-padding-right-small:40px;--awb-padding-left-small:40px;--awb-overflow:hidden;--awb-bg-color:var(--awb-color1);--awb-bg-color-hover:var(--awb-color1);--awb-bg-size:cover;--awb-box-shadow: 0px 0px ;;--awb-border-radius:10px 10px 10px 10px;--awb-width-large:60%;--awb-margin-top-large:-70px;--awb-spacing-right-large:3.72%;--awb-margin-bottom-large:0px;--awb-spacing-left-large:5.425%;--awb-width-medium:50%;--awb-order-medium:0;--awb-spacing-right-medium:4.464%;--awb-spacing-left-medium:6.51%;--awb-width-small:100%;--awb-order-small:1;--awb-margin-top-small:0;--awb-spacing-right-small:3.255%;--awb-margin-bottom-small:20px;--awb-spacing-left-small:3.255%;\" data-animationType=\"fadeInUp\" data-animationDuration=\"0.6\" data-animationOffset=\"top-into-view\"><div class=\"fusion-column-wrapper fusion-column-has-shadow fusion-flex-justify-content-flex-start fusion-content-layout-column\"><div class=\"fusion-title title fusion-title-2 fusion-sep-none fusion-title-text fusion-title-size-two\" style=\"--awb-text-color:var(--awb-color8);--awb-margin-top:10px;--awb-margin-bottom:30px;--awb-margin-top-small:10px;--awb-margin-bottom-small:10px;--awb-font-size:50px;\"><h2 class=\"fusion-title-heading title-heading-left fusion-responsive-typography-calculated\" style=\"font-family:&quot;Be Vietnam Pro&quot;;font-style:normal;font-weight:800;margin:0;letter-spacing:-2px;text-transform:var(--awb-typography1-text-transform);font-size:1em;--fontSize:50;line-height:1.2;\">Invertir En Bienes Ra\u00edces En 2026: <mark class=\"fusion-highlight custom-textcolor highlight1\" style=\"--awb-color:#f55a2d;--awb-text-color:#eaa800;\">Tips Clave Para Una Compra Segura Y Rentable<\/mark><\/h2><\/div><\/div><\/div><div class=\"fusion-layout-column fusion_builder_column fusion-builder-column-5 fusion_builder_column_2_5 2_5 fusion-flex-column fusion-animated\" style=\"--awb-padding-right:106px;--awb-padding-left-small:40px;--awb-bg-size:cover;--awb-width-large:40%;--awb-margin-top-large:55px;--awb-spacing-right-large:8.1375%;--awb-margin-bottom-large:0px;--awb-spacing-left-large:3.72%;--awb-width-medium:50%;--awb-order-medium:0;--awb-spacing-right-medium:6.51%;--awb-spacing-left-medium:2.976%;--awb-width-small:100%;--awb-order-small:1;--awb-margin-top-small:0px;--awb-spacing-right-small:3.255%;--awb-spacing-left-small:3.255%;\" data-animationType=\"fadeInRight\" data-animationDuration=\"1.3\" data-animationOffset=\"top-into-view\"><div class=\"fusion-column-wrapper fusion-column-has-shadow fusion-flex-justify-content-flex-start fusion-content-layout-column\"><div class=\"fusion-text fusion-text-2 fusion-text-no-margin\" style=\"--awb-font-size:16px;--awb-line-height:1.7;--awb-letter-spacing:0px;--awb-text-transform:var(--awb-typography4-text-transform);--awb-text-color:var(--awb-color1);--awb-margin-bottom:40px;--awb-text-font-family:&quot;DM Sans&quot;;--awb-text-font-style:normal;--awb-text-font-weight:400;\"><p>Comprar una casa o departamento es mucho m\u00e1s que adquirir una propiedad: es dar un paso importante hacia la estabilidad, la seguridad y la construcci\u00f3n de tu patrimonio. Aunque muchas personas creen que es un proceso complicado o fuera de su alcance, la realidad es que hoy existen opciones, cr\u00e9ditos y asesor\u00eda que hacen posible cumplir este objetivo.<\/p>\n<\/div><div style=\"text-align:left;\"><a class=\"fusion-button button-flat button-xlarge button-custom fusion-button-default button-2 fusion-button-default-span fusion-button-default-type\" style=\"--button_accent_color:var(--awb-color8);--button_border_color:var(--awb-color5);--button_accent_hover_color:var(--awb-color1);--button_border_hover_color:var(--awb-color3);--button_border_width-top:1px;--button_border_width-right:1px;--button_border_width-bottom:1px;--button_border_width-left:1px;--button_gradient_top_color:var(--awb-color1);--button_gradient_bottom_color:var(--awb-color1);--button_gradient_top_color_hover:var(--awb-color5);--button_gradient_bottom_color_hover:var(--awb-color5);--button_text_transform:var(--awb-custom_typography_6-text-transform);--button_typography-letter-spacing:var(--awb-custom_typography_6-letter-spacing);--button_typography-font-family:var(--awb-custom_typography_6-font-family);--button_typography-font-weight:var(--awb-custom_typography_6-font-weight);--button_typography-font-style:var(--awb-custom_typography_6-font-style);\" target=\"_self\" href=\"https:\/\/sentidoscreativos.com\/simor\/2023\/10\/16\/reviving-historic-homes-balancing-charm-with-modern-comfort\/\"><span class=\"fusion-button-text awb-button__text awb-button__text--default\">Conoce m\u00e1s<\/span><\/a><\/div><\/div><\/div><\/div><\/div><\/div><nav id=\"fusion-scroll-section-nav-1\" class=\"fusion-scroll-section-nav scroll-navigation-right\" data-section=\"1\" ><ul><li><a href=\"#fusion-scroll-section-element-1-1\" class=\"fusion-scroll-section-link\" data-name=\"\" data-element=\"1\"><span class=\"fusion-scroll-section-link-bullet\"><\/span><\/a><\/li><li><a href=\"#fusion-scroll-section-element-1-2\" class=\"fusion-scroll-section-link\" data-name=\"\" data-element=\"2\"><span class=\"fusion-scroll-section-link-bullet\"><\/span><\/a><\/li><\/ul><\/nav><\/div><\/p>\n","protected":false},"excerpt":{"rendered":"","protected":false},"author":1,"featured_media":9748,"parent":0,"menu_order":0,"comment_status":"closed","ping_status":"closed","template":"100-width.php","meta":{"_acf_changed":false,"_joinchat":[],"footnotes":""},"class_list":["post-4461","page","type-page","status-publish","has-post-thumbnail","hentry"],"yoast_head":"<!-- This site is optimized with the Yoast SEO plugin v27.4 - https:\/\/yoast.com\/product\/yoast-seo-wordpress\/ -->\n<title>Blog SIMOR | Consejos e Ideas Inmobiliarias en Colima<\/title>\n<meta name=\"description\" content=\"Explora el Blog con art\u00edculos sobre bienes ra\u00edces, consejos para compradores y vendedores, tendencias del mercado y tips...\" \/>\n<meta name=\"robots\" content=\"index, follow, max-snippet:-1, max-image-preview:large, max-video-preview:-1\" \/>\n<link rel=\"canonical\" href=\"https:\/\/sentidoscreativos.com\/simor\/blog\/\" \/>\n<meta property=\"og:locale\" content=\"es_ES\" \/>\n<meta property=\"og:type\" content=\"article\" \/>\n<meta property=\"og:title\" content=\"Blog SIMOR: consejos, tendencias y tips para tu camino inmobiliario\" \/>\n<meta property=\"og:description\" content=\"En el Blog SIMOR encontrar\u00e1s art\u00edculos con consejos, tendencias de mercado y tips para comprar, vender o invertir en bienes ra\u00edces con mayor claridad y confianza. \u00a1L\u00e9elo ahora!\" \/>\n<meta property=\"og:url\" content=\"https:\/\/sentidoscreativos.com\/simor\/blog\/\" \/>\n<meta property=\"og:site_name\" content=\"Simor\" \/>\n<meta property=\"article:modified_time\" content=\"2026-04-18T18:10:25+00:00\" \/>\n<meta property=\"og:image\" content=\"https:\/\/sentidoscreativos.com\/simor\/wp-content\/uploads\/sites\/173\/2023\/10\/mujer-asiatica-joven-que-sostiene-la-casa-del-concepto.jpg\" \/>\n\t<meta property=\"og:image:width\" content=\"1200\" \/>\n\t<meta property=\"og:image:height\" content=\"800\" \/>\n\t<meta property=\"og:image:type\" content=\"image\/jpeg\" \/>\n<meta name=\"twitter:card\" content=\"summary_large_image\" \/>\n<meta name=\"twitter:title\" content=\"Blog SIMOR: consejos, tendencias y tips para tu camino inmobiliario\" \/>\n<meta name=\"twitter:description\" content=\"En el Blog SIMOR encontrar\u00e1s art\u00edculos con consejos, tendencias de mercado y tips para comprar, vender o invertir en bienes ra\u00edces con mayor claridad y confianza. \u00a1L\u00e9elo ahora!\" \/>\n<meta name=\"twitter:image\" content=\"https:\/\/sentidoscreativos.com\/simor\/wp-content\/uploads\/sites\/173\/2023\/10\/mujer-asiatica-joven-que-sostiene-la-casa-del-concepto.jpg\" \/>\n<meta name=\"twitter:label1\" content=\"Tiempo de lectura\" \/>\n\t<meta name=\"twitter:data1\" content=\"1 minuto\" \/>\n<script type=\"application\/ld+json\" class=\"yoast-schema-graph\">{\"@context\":\"https:\\\/\\\/schema.org\",\"@graph\":[{\"@type\":\"WebPage\",\"@id\":\"https:\\\/\\\/sentidoscreativos.com\\\/simor\\\/blog\\\/\",\"url\":\"https:\\\/\\\/sentidoscreativos.com\\\/simor\\\/blog\\\/\",\"name\":\"Blog SIMOR | Consejos e Ideas Inmobiliarias en Colima\",\"isPartOf\":{\"@id\":\"https:\\\/\\\/sentidoscreativos.com\\\/simor\\\/#website\"},\"primaryImageOfPage\":{\"@id\":\"https:\\\/\\\/sentidoscreativos.com\\\/simor\\\/blog\\\/#primaryimage\"},\"image\":{\"@id\":\"https:\\\/\\\/sentidoscreativos.com\\\/simor\\\/blog\\\/#primaryimage\"},\"thumbnailUrl\":\"https:\\\/\\\/sentidoscreativos.com\\\/simor\\\/wp-content\\\/uploads\\\/sites\\\/173\\\/2023\\\/10\\\/mujer-asiatica-joven-que-sostiene-la-casa-del-concepto.jpg\",\"datePublished\":\"2023-09-14T00:35:11+00:00\",\"dateModified\":\"2026-04-18T18:10:25+00:00\",\"description\":\"Explora el Blog con art\u00edculos sobre bienes ra\u00edces, consejos para compradores y vendedores, tendencias del mercado y tips...\",\"breadcrumb\":{\"@id\":\"https:\\\/\\\/sentidoscreativos.com\\\/simor\\\/blog\\\/#breadcrumb\"},\"inLanguage\":\"es\",\"potentialAction\":[{\"@type\":\"ReadAction\",\"target\":[\"https:\\\/\\\/sentidoscreativos.com\\\/simor\\\/blog\\\/\"]}]},{\"@type\":\"ImageObject\",\"inLanguage\":\"es\",\"@id\":\"https:\\\/\\\/sentidoscreativos.com\\\/simor\\\/blog\\\/#primaryimage\",\"url\":\"https:\\\/\\\/sentidoscreativos.com\\\/simor\\\/wp-content\\\/uploads\\\/sites\\\/173\\\/2023\\\/10\\\/mujer-asiatica-joven-que-sostiene-la-casa-del-concepto.jpg\",\"contentUrl\":\"https:\\\/\\\/sentidoscreativos.com\\\/simor\\\/wp-content\\\/uploads\\\/sites\\\/173\\\/2023\\\/10\\\/mujer-asiatica-joven-que-sostiene-la-casa-del-concepto.jpg\",\"width\":1200,\"height\":800},{\"@type\":\"BreadcrumbList\",\"@id\":\"https:\\\/\\\/sentidoscreativos.com\\\/simor\\\/blog\\\/#breadcrumb\",\"itemListElement\":[{\"@type\":\"ListItem\",\"position\":1,\"name\":\"Home\",\"item\":\"https:\\\/\\\/sentidoscreativos.com\\\/simor\\\/\"},{\"@type\":\"ListItem\",\"position\":2,\"name\":\"Blog\"}]},{\"@type\":\"WebSite\",\"@id\":\"https:\\\/\\\/sentidoscreativos.com\\\/simor\\\/#website\",\"url\":\"https:\\\/\\\/sentidoscreativos.com\\\/simor\\\/\",\"name\":\"Simor\",\"description\":\"\",\"potentialAction\":[{\"@type\":\"SearchAction\",\"target\":{\"@type\":\"EntryPoint\",\"urlTemplate\":\"https:\\\/\\\/sentidoscreativos.com\\\/simor\\\/?s={search_term_string}\"},\"query-input\":{\"@type\":\"PropertyValueSpecification\",\"valueRequired\":true,\"valueName\":\"search_term_string\"}}],\"inLanguage\":\"es\"}]}<\/script>\n<!-- \/ Yoast SEO plugin. -->","yoast_head_json":{"title":"Blog SIMOR | Consejos e Ideas Inmobiliarias en Colima","description":"Explora el Blog con art\u00edculos sobre bienes ra\u00edces, consejos para compradores y vendedores, tendencias del mercado y tips...","robots":{"index":"index","follow":"follow","max-snippet":"max-snippet:-1","max-image-preview":"max-image-preview:large","max-video-preview":"max-video-preview:-1"},"canonical":"https:\/\/sentidoscreativos.com\/simor\/blog\/","og_locale":"es_ES","og_type":"article","og_title":"Blog SIMOR: consejos, tendencias y tips para tu camino inmobiliario","og_description":"En el Blog SIMOR encontrar\u00e1s art\u00edculos con consejos, tendencias de mercado y tips para comprar, vender o invertir en bienes ra\u00edces con mayor claridad y confianza. \u00a1L\u00e9elo ahora!","og_url":"https:\/\/sentidoscreativos.com\/simor\/blog\/","og_site_name":"Simor","article_modified_time":"2026-04-18T18:10:25+00:00","og_image":[{"width":1200,"height":800,"url":"https:\/\/sentidoscreativos.com\/simor\/wp-content\/uploads\/sites\/173\/2023\/10\/mujer-asiatica-joven-que-sostiene-la-casa-del-concepto.jpg","type":"image\/jpeg"}],"twitter_card":"summary_large_image","twitter_title":"Blog SIMOR: consejos, tendencias y tips para tu camino inmobiliario","twitter_description":"En el Blog SIMOR encontrar\u00e1s art\u00edculos con consejos, tendencias de mercado y tips para comprar, vender o invertir en bienes ra\u00edces con mayor claridad y confianza. \u00a1L\u00e9elo ahora!","twitter_image":"https:\/\/sentidoscreativos.com\/simor\/wp-content\/uploads\/sites\/173\/2023\/10\/mujer-asiatica-joven-que-sostiene-la-casa-del-concepto.jpg","twitter_misc":{"Tiempo de lectura":"1 minuto"},"schema":{"@context":"https:\/\/schema.org","@graph":[{"@type":"WebPage","@id":"https:\/\/sentidoscreativos.com\/simor\/blog\/","url":"https:\/\/sentidoscreativos.com\/simor\/blog\/","name":"Blog SIMOR | Consejos e Ideas Inmobiliarias en Colima","isPartOf":{"@id":"https:\/\/sentidoscreativos.com\/simor\/#website"},"primaryImageOfPage":{"@id":"https:\/\/sentidoscreativos.com\/simor\/blog\/#primaryimage"},"image":{"@id":"https:\/\/sentidoscreativos.com\/simor\/blog\/#primaryimage"},"thumbnailUrl":"https:\/\/sentidoscreativos.com\/simor\/wp-content\/uploads\/sites\/173\/2023\/10\/mujer-asiatica-joven-que-sostiene-la-casa-del-concepto.jpg","datePublished":"2023-09-14T00:35:11+00:00","dateModified":"2026-04-18T18:10:25+00:00","description":"Explora el Blog con art\u00edculos sobre bienes ra\u00edces, consejos para compradores y vendedores, tendencias del mercado y tips...","breadcrumb":{"@id":"https:\/\/sentidoscreativos.com\/simor\/blog\/#breadcrumb"},"inLanguage":"es","potentialAction":[{"@type":"ReadAction","target":["https:\/\/sentidoscreativos.com\/simor\/blog\/"]}]},{"@type":"ImageObject","inLanguage":"es","@id":"https:\/\/sentidoscreativos.com\/simor\/blog\/#primaryimage","url":"https:\/\/sentidoscreativos.com\/simor\/wp-content\/uploads\/sites\/173\/2023\/10\/mujer-asiatica-joven-que-sostiene-la-casa-del-concepto.jpg","contentUrl":"https:\/\/sentidoscreativos.com\/simor\/wp-content\/uploads\/sites\/173\/2023\/10\/mujer-asiatica-joven-que-sostiene-la-casa-del-concepto.jpg","width":1200,"height":800},{"@type":"BreadcrumbList","@id":"https:\/\/sentidoscreativos.com\/simor\/blog\/#breadcrumb","itemListElement":[{"@type":"ListItem","position":1,"name":"Home","item":"https:\/\/sentidoscreativos.com\/simor\/"},{"@type":"ListItem","position":2,"name":"Blog"}]},{"@type":"WebSite","@id":"https:\/\/sentidoscreativos.com\/simor\/#website","url":"https:\/\/sentidoscreativos.com\/simor\/","name":"Simor","description":"","potentialAction":[{"@type":"SearchAction","target":{"@type":"EntryPoint","urlTemplate":"https:\/\/sentidoscreativos.com\/simor\/?s={search_term_string}"},"query-input":{"@type":"PropertyValueSpecification","valueRequired":true,"valueName":"search_term_string"}}],"inLanguage":"es"}]}},"acf":[],"_links":{"self":[{"href":"https:\/\/sentidoscreativos.com\/simor\/wp-json\/wp\/v2\/pages\/4461","targetHints":{"allow":["GET"]}}],"collection":[{"href":"https:\/\/sentidoscreativos.com\/simor\/wp-json\/wp\/v2\/pages"}],"about":[{"href":"https:\/\/sentidoscreativos.com\/simor\/wp-json\/wp\/v2\/types\/page"}],"author":[{"embeddable":true,"href":"https:\/\/sentidoscreativos.com\/simor\/wp-json\/wp\/v2\/users\/1"}],"replies":[{"embeddable":true,"href":"https:\/\/sentidoscreativos.com\/simor\/wp-json\/wp\/v2\/comments?post=4461"}],"version-history":[{"count":18,"href":"https:\/\/sentidoscreativos.com\/simor\/wp-json\/wp\/v2\/pages\/4461\/revisions"}],"predecessor-version":[{"id":12226,"href":"https:\/\/sentidoscreativos.com\/simor\/wp-json\/wp\/v2\/pages\/4461\/revisions\/12226"}],"wp:featuredmedia":[{"embeddable":true,"href":"https:\/\/sentidoscreativos.com\/simor\/wp-json\/wp\/v2\/media\/9748"}],"wp:attachment":[{"href":"https:\/\/sentidoscreativos.com\/simor\/wp-json\/wp\/v2\/media?parent=4461"}],"curies":[{"name":"wp","href":"https:\/\/api.w.org\/{rel}","templated":true}]}}